{"id":100,"date":"2024-01-24T17:37:09","date_gmt":"2024-01-24T16:37:09","guid":{"rendered":"http:\/\/monnempride.de\/?page_id=100"},"modified":"2025-11-17T11:49:24","modified_gmt":"2025-11-17T10:49:24","slug":"impressum","status":"publish","type":"page","link":"https:\/\/monnempride.de\/en\/impressum\/","title":{"rendered":"Impressum"},"content":{"rendered":"<div class=\"wp-block-cover alignfull\"><img loading=\"lazy\" decoding=\"async\" width=\"1024\" height=\"465\" class=\"wp-block-cover__image-background wp-image-580\" alt=\"\" src=\"http:\/\/monnempride.de\/wp-content\/uploads\/2024\/02\/CSD-Auswahl-Foto-Alexander-Kaestel-22085409-1-1024x465.jpg\" data-object-fit=\"cover\" srcset=\"https:\/\/monnempride.de\/wp-content\/uploads\/2024\/02\/CSD-Auswahl-Foto-Alexander-Kaestel-22085409-1-1024x465.jpg 1024w, https:\/\/monnempride.de\/wp-content\/uploads\/2024\/02\/CSD-Auswahl-Foto-Alexander-Kaestel-22085409-1-300x136.jpg 300w, https:\/\/monnempride.de\/wp-content\/uploads\/2024\/02\/CSD-Auswahl-Foto-Alexander-Kaestel-22085409-1-768x348.jpg 768w, https:\/\/monnempride.de\/wp-content\/uploads\/2024\/02\/CSD-Auswahl-Foto-Alexander-Kaestel-22085409-1-1536x697.jpg 1536w, https:\/\/monnempride.de\/wp-content\/uploads\/2024\/02\/CSD-Auswahl-Foto-Alexander-Kaestel-22085409-1-2048x929.jpg 2048w\" sizes=\"auto, (max-width: 1024px) 100vw, 1024px\" \/><span aria-hidden=\"true\" class=\"wp-block-cover__background has-background-dim\"><\/span><div class=\"wp-block-cover__inner-container is-layout-flow wp-block-cover-is-layout-flow\">\n<h1 class=\"wp-block-heading alignfull has-text-align-center has-ast-global-color-5-color has-text-color has-link-color has-x-large-font-size wp-elements-c1afaa9a7360aa684f51e5ecb5cc7806\" style=\"font-style:normal;font-weight:900\"><strong>Impressum<\/strong><\/h1>\n<\/div><\/div>\n\n\n\n<div style=\"height:50px\" aria-hidden=\"true\" class=\"wp-block-spacer\"><\/div>\n\n\n\n<h2 class=\"wp-block-heading\" id=\"m46\">Diensteanbieter<\/h2>\n\n\n\n<p>Monnem Pride e.V.<br>c\/o Queeres Zentrum Mannheim e.V.&nbsp;<br>G7, 14&nbsp;<br>68159 Mannheim&nbsp;<\/p>\n\n\n\n<h2 class=\"wp-block-heading\" id=\"m56\">Kontaktm\u00f6glichkeiten<\/h2>\n\n\n\n<p>E-Mail-Adresse: info@monnempride.de<br>Telefon: +49 621 15677628<\/p>\n\n\n\n<h2 class=\"wp-block-heading\" id=\"m153\">Vertretungsberechtigte Personen<\/h2>\n\n\n\n<p>Vertretungsberechtigt:<\/p>\n\n\n\n<p>Susanne Hun (Vorsitzende)<br>John Neff (Stellvertreter)<br>Carina Schreiber (Finanzen)<\/p>\n\n\n\n<h2 class=\"wp-block-heading\" id=\"m3589\">Audiovisuelle Mediendienste<\/h2>\n\n\n\n<p>Sitzland: Deutschland<br>Zust\u00e4ndige Regulierungs-, bzw. Aufsichtsbeh\u00f6rde: Landesanstalt f\u00fcr Kommunikation Baden-W\u00fcrttemberg (LFK),\u00a0<a href=\"https:\/\/www.lfk.de\/\" target=\"_blank\" rel=\"noreferrer noopener\">https:\/\/www.lfk.de\/<\/a><\/p>\n\n\n\n<h2 class=\"wp-block-heading\" id=\"m151\">Register und Registernummer<\/h2>\n\n\n\n<p>Gef\u00fchrt bei: Amtsgericht Mannheim<br>Nummer: VR 704113<\/p>\n\n\n\n<h2 class=\"wp-block-heading\" id=\"m172\">Social Media und andere Onlinepr\u00e4senzen<\/h2>\n\n\n\n<p>Dieses Impressum gilt auch f\u00fcr die folgenden Social-Media-Pr\u00e4senzen und Onlineprofile:<\/p>\n\n\n\n<p><a href=\"https:\/\/www.facebook.com\/MonnemPride\/\">https:\/\/www.facebook.com\/MonnemPride\/<\/a><br><a href=\"https:\/\/www.instagram.com\/monnempride\/\">https:\/\/www.instagram.com\/monnempride\/<\/a><\/p>\n\n\n\n<h2 class=\"wp-block-heading\" id=\"m65\">Haftungs- und Schutzrechtshinweise<\/h2>\n\n\n\n<p>Hinweise auf Rechtsverst\u00f6\u00dfe: Sollten Sie innerhalb unseres Internetauftritts Rechtsverst\u00f6\u00dfe bemerken, bitten wir Sie uns auf diese hinzuweisen. Wir werden rechtswidrige Inhalte und Links nach Kenntnisnahme unverz\u00fcglich entfernen.<\/p>\n\n\n\n<p><a href=\"https:\/\/datenschutz-generator.de\/\" target=\"_blank\" rel=\"noreferrer noopener\">Erstellt mit kostenlosem Datenschutz-Generator.de von Dr. Thomas Schwenke<\/a><\/p>\n\n\n\n<div style=\"height:50px\" aria-hidden=\"true\" class=\"wp-block-spacer\"><\/div>","protected":false},"excerpt":{"rendered":"<p>Diensteanbieter Monnem Pride e.V.c\/o Queeres Zentrum Mannheim e.V.&nbsp;G7, 14&nbsp;68159 Mannheim&nbsp; Kontaktm\u00f6glichkeiten E-Mail-Adresse: info@monnempride.deTelefon: +49 621 15677628 Vertretungsberechtigte Personen Vertretungsberechtigt: Susanne Hun (Vorsitzende)John Neff (Stellvertreter)Carina Schreiber (Finanzen) Audiovisuelle Mediendienste Sitzland: DeutschlandZust\u00e4ndige [&hellip;]<\/p>","protected":false},"author":1,"featured_media":0,"parent":0,"menu_order":11,"comment_status":"closed","ping_status":"closed","template":"","meta":{"_eb_attr":"","site-sidebar-layout":"default","site-content-layout":"","ast-site-content-layout":"default","site-content-style":"default","site-sidebar-style":"default","ast-global-header-display":"","ast-banner-title-visibility":"","ast-main-header-display":"","ast-hfb-above-header-display":"","ast-hfb-below-header-display":"","ast-hfb-mobile-header-display":"","site-post-title":"disabled","ast-breadcrumbs-content":"","ast-featured-img":"","footer-sml-layout":"","theme-transparent-header-meta":"","adv-header-id-meta":"","stick-header-meta":"","header-above-stick-meta":"","header-main-stick-meta":"","header-below-stick-meta":"","astra-migrate-meta-layouts":"default","ast-page-background-enabled":"default","ast-page-background-meta":{"desktop":{"background-color":"var(--ast-global-color-4)","background-image":"","background-repeat":"repeat","background-position":"center center","background-size":"auto","background-attachment":"scroll","background-type":"","background-media":"","overlay-type":"","overlay-color":"","overlay-opacity":"","overlay-gradient":""},"tablet":{"background-color":"","background-image":"","background-repeat":"repeat","background-position":"center center","background-size":"auto","background-attachment":"scroll","background-type":"","background-media":"","overlay-type":"","overlay-color":"","overlay-opacity":"","overlay-gradient":""},"mobile":{"background-color":"","background-image":"","background-repeat":"repeat","background-position":"center center","background-size":"auto","background-attachment":"scroll","background-type":"","background-media":"","overlay-type":"","overlay-color":"","overlay-opacity":"","overlay-gradient":""}},"ast-content-background-meta":{"desktop":{"background-color":"var(--ast-global-color-5)","background-image":"","background-repeat":"repeat","background-position":"center center","background-size":"auto","background-attachment":"scroll","background-type":"","background-media":"","overlay-type":"","overlay-color":"","overlay-opacity":"","overlay-gradient":""},"tablet":{"background-color":"var(--ast-global-color-5)","background-image":"","background-repeat":"repeat","background-position":"center center","background-size":"auto","background-attachment":"scroll","background-type":"","background-media":"","overlay-type":"","overlay-color":"","overlay-opacity":"","overlay-gradient":""},"mobile":{"background-color":"var(--ast-global-color-5)","background-image":"","background-repeat":"repeat","background-position":"center center","background-size":"auto","background-attachment":"scroll","background-type":"","background-media":"","overlay-type":"","overlay-color":"","overlay-opacity":"","overlay-gradient":""}},"footnotes":""},"class_list":["post-100","page","type-page","status-publish","hentry"],"yoast_head":"<!-- This site is optimized with the Yoast SEO plugin v27.4 - https:\/\/yoast.com\/product\/yoast-seo-wordpress\/ -->\n<title>Impressum &#8211; Monnem Pride<\/title>\n<meta name=\"robots\" content=\"index, follow, max-snippet:-1, max-image-preview:large, max-video-preview:-1\" \/>\n<link rel=\"canonical\" href=\"https:\/\/monnempride.de\/en\/impressum\/\" \/>\n<meta property=\"og:locale\" content=\"en_US\" \/>\n<meta property=\"og:type\" content=\"article\" \/>\n<meta property=\"og:title\" content=\"Impressum &#8211; Monnem Pride\" \/>\n<meta property=\"og:description\" content=\"Diensteanbieter Monnem Pride e.V.c\/o Queeres Zentrum Mannheim e.V.&nbsp;G7, 14&nbsp;68159 Mannheim&nbsp; Kontaktm\u00f6glichkeiten E-Mail-Adresse: info@monnempride.deTelefon: +49 621 15677628 Vertretungsberechtigte Personen Vertretungsberechtigt: Susanne Hun (Vorsitzende)John Neff (Stellvertreter)Carina Schreiber (Finanzen) Audiovisuelle Mediendienste Sitzland: DeutschlandZust\u00e4ndige [&hellip;]\" \/>\n<meta property=\"og:url\" content=\"https:\/\/monnempride.de\/en\/impressum\/\" \/>\n<meta property=\"og:site_name\" content=\"Monnem Pride\" \/>\n<meta property=\"article:modified_time\" content=\"2025-11-17T10:49:24+00:00\" \/>\n<meta property=\"og:image\" content=\"http:\/\/monnempride.de\/wp-content\/uploads\/2024\/02\/CSD-Auswahl-Foto-Alexander-Kaestel-22085409-1-1024x465.jpg\" \/>\n<meta name=\"twitter:card\" content=\"summary_large_image\" \/>\n<meta name=\"twitter:label1\" content=\"Est. reading time\" \/>\n\t<meta name=\"twitter:data1\" content=\"1 minute\" \/>\n<script type=\"application\/ld+json\" class=\"yoast-schema-graph\">{\"@context\":\"https:\\\/\\\/schema.org\",\"@graph\":[{\"@type\":\"WebPage\",\"@id\":\"https:\\\/\\\/monnempride.de\\\/impressum\\\/\",\"url\":\"https:\\\/\\\/monnempride.de\\\/impressum\\\/\",\"name\":\"Impressum &#8211; Monnem Pride\",\"isPartOf\":{\"@id\":\"https:\\\/\\\/monnempride.de\\\/#website\"},\"primaryImageOfPage\":{\"@id\":\"https:\\\/\\\/monnempride.de\\\/impressum\\\/#primaryimage\"},\"image\":{\"@id\":\"https:\\\/\\\/monnempride.de\\\/impressum\\\/#primaryimage\"},\"thumbnailUrl\":\"http:\\\/\\\/monnempride.de\\\/wp-content\\\/uploads\\\/2024\\\/02\\\/CSD-Auswahl-Foto-Alexander-Kaestel-22085409-1-1024x465.jpg\",\"datePublished\":\"2024-01-24T16:37:09+00:00\",\"dateModified\":\"2025-11-17T10:49:24+00:00\",\"breadcrumb\":{\"@id\":\"https:\\\/\\\/monnempride.de\\\/impressum\\\/#breadcrumb\"},\"inLanguage\":\"en-US\",\"potentialAction\":[{\"@type\":\"ReadAction\",\"target\":[\"https:\\\/\\\/monnempride.de\\\/impressum\\\/\"]}]},{\"@type\":\"ImageObject\",\"inLanguage\":\"en-US\",\"@id\":\"https:\\\/\\\/monnempride.de\\\/impressum\\\/#primaryimage\",\"url\":\"http:\\\/\\\/monnempride.de\\\/wp-content\\\/uploads\\\/2024\\\/02\\\/CSD-Auswahl-Foto-Alexander-Kaestel-22085409-1-1024x465.jpg\",\"contentUrl\":\"http:\\\/\\\/monnempride.de\\\/wp-content\\\/uploads\\\/2024\\\/02\\\/CSD-Auswahl-Foto-Alexander-Kaestel-22085409-1-1024x465.jpg\"},{\"@type\":\"BreadcrumbList\",\"@id\":\"https:\\\/\\\/monnempride.de\\\/impressum\\\/#breadcrumb\",\"itemListElement\":[{\"@type\":\"ListItem\",\"position\":1,\"name\":\"Startseite\",\"item\":\"https:\\\/\\\/monnempride.de\\\/\"},{\"@type\":\"ListItem\",\"position\":2,\"name\":\"Impressum\"}]},{\"@type\":\"WebSite\",\"@id\":\"https:\\\/\\\/monnempride.de\\\/#website\",\"url\":\"https:\\\/\\\/monnempride.de\\\/\",\"name\":\"Monnem Pride\",\"description\":\"zusammen eins \u2013 intersektional. antifaschistisch. queer.\",\"publisher\":{\"@id\":\"https:\\\/\\\/monnempride.de\\\/#organization\"},\"potentialAction\":[{\"@type\":\"SearchAction\",\"target\":{\"@type\":\"EntryPoint\",\"urlTemplate\":\"https:\\\/\\\/monnempride.de\\\/?s={search_term_string}\"},\"query-input\":{\"@type\":\"PropertyValueSpecification\",\"valueRequired\":true,\"valueName\":\"search_term_string\"}}],\"inLanguage\":\"en-US\"},{\"@type\":\"Organization\",\"@id\":\"https:\\\/\\\/monnempride.de\\\/#organization\",\"name\":\"Monnem Pride\",\"url\":\"https:\\\/\\\/monnempride.de\\\/\",\"logo\":{\"@type\":\"ImageObject\",\"inLanguage\":\"en-US\",\"@id\":\"https:\\\/\\\/monnempride.de\\\/#\\\/schema\\\/logo\\\/image\\\/\",\"url\":\"http:\\\/\\\/monnempride.de\\\/wp-content\\\/uploads\\\/2024\\\/01\\\/cropped-Element-1Logo-1.png\",\"contentUrl\":\"http:\\\/\\\/monnempride.de\\\/wp-content\\\/uploads\\\/2024\\\/01\\\/cropped-Element-1Logo-1.png\",\"width\":200,\"height\":114,\"caption\":\"Monnem Pride\"},\"image\":{\"@id\":\"https:\\\/\\\/monnempride.de\\\/#\\\/schema\\\/logo\\\/image\\\/\"}}]}<\/script>\n<!-- \/ Yoast SEO plugin. -->","yoast_head_json":{"title":"Impressum &#8211; Monnem Pride","robots":{"index":"index","follow":"follow","max-snippet":"max-snippet:-1","max-image-preview":"max-image-preview:large","max-video-preview":"max-video-preview:-1"},"canonical":"https:\/\/monnempride.de\/en\/impressum\/","og_locale":"en_US","og_type":"article","og_title":"Impressum &#8211; Monnem Pride","og_description":"Diensteanbieter Monnem Pride e.V.c\/o Queeres Zentrum Mannheim e.V.&nbsp;G7, 14&nbsp;68159 Mannheim&nbsp; Kontaktm\u00f6glichkeiten E-Mail-Adresse: info@monnempride.deTelefon: +49 621 15677628 Vertretungsberechtigte Personen Vertretungsberechtigt: Susanne Hun (Vorsitzende)John Neff (Stellvertreter)Carina Schreiber (Finanzen) Audiovisuelle Mediendienste Sitzland: DeutschlandZust\u00e4ndige [&hellip;]","og_url":"https:\/\/monnempride.de\/en\/impressum\/","og_site_name":"Monnem Pride","article_modified_time":"2025-11-17T10:49:24+00:00","og_image":[{"url":"http:\/\/monnempride.de\/wp-content\/uploads\/2024\/02\/CSD-Auswahl-Foto-Alexander-Kaestel-22085409-1-1024x465.jpg","type":"","width":"","height":""}],"twitter_card":"summary_large_image","twitter_misc":{"Est. reading time":"1 minute"},"schema":{"@context":"https:\/\/schema.org","@graph":[{"@type":"WebPage","@id":"https:\/\/monnempride.de\/impressum\/","url":"https:\/\/monnempride.de\/impressum\/","name":"Impressum &#8211; Monnem Pride","isPartOf":{"@id":"https:\/\/monnempride.de\/#website"},"primaryImageOfPage":{"@id":"https:\/\/monnempride.de\/impressum\/#primaryimage"},"image":{"@id":"https:\/\/monnempride.de\/impressum\/#primaryimage"},"thumbnailUrl":"http:\/\/monnempride.de\/wp-content\/uploads\/2024\/02\/CSD-Auswahl-Foto-Alexander-Kaestel-22085409-1-1024x465.jpg","datePublished":"2024-01-24T16:37:09+00:00","dateModified":"2025-11-17T10:49:24+00:00","breadcrumb":{"@id":"https:\/\/monnempride.de\/impressum\/#breadcrumb"},"inLanguage":"en-US","potentialAction":[{"@type":"ReadAction","target":["https:\/\/monnempride.de\/impressum\/"]}]},{"@type":"ImageObject","inLanguage":"en-US","@id":"https:\/\/monnempride.de\/impressum\/#primaryimage","url":"http:\/\/monnempride.de\/wp-content\/uploads\/2024\/02\/CSD-Auswahl-Foto-Alexander-Kaestel-22085409-1-1024x465.jpg","contentUrl":"http:\/\/monnempride.de\/wp-content\/uploads\/2024\/02\/CSD-Auswahl-Foto-Alexander-Kaestel-22085409-1-1024x465.jpg"},{"@type":"BreadcrumbList","@id":"https:\/\/monnempride.de\/impressum\/#breadcrumb","itemListElement":[{"@type":"ListItem","position":1,"name":"Startseite","item":"https:\/\/monnempride.de\/"},{"@type":"ListItem","position":2,"name":"Impressum"}]},{"@type":"WebSite","@id":"https:\/\/monnempride.de\/#website","url":"https:\/\/monnempride.de\/","name":"Monnem Pride","description":"zusammen eins \u2013 intersektional. antifaschistisch. queer.","publisher":{"@id":"https:\/\/monnempride.de\/#organization"},"potentialAction":[{"@type":"SearchAction","target":{"@type":"EntryPoint","urlTemplate":"https:\/\/monnempride.de\/?s={search_term_string}"},"query-input":{"@type":"PropertyValueSpecification","valueRequired":true,"valueName":"search_term_string"}}],"inLanguage":"en-US"},{"@type":"Organization","@id":"https:\/\/monnempride.de\/#organization","name":"Monnem Pride","url":"https:\/\/monnempride.de\/","logo":{"@type":"ImageObject","inLanguage":"en-US","@id":"https:\/\/monnempride.de\/#\/schema\/logo\/image\/","url":"http:\/\/monnempride.de\/wp-content\/uploads\/2024\/01\/cropped-Element-1Logo-1.png","contentUrl":"http:\/\/monnempride.de\/wp-content\/uploads\/2024\/01\/cropped-Element-1Logo-1.png","width":200,"height":114,"caption":"Monnem Pride"},"image":{"@id":"https:\/\/monnempride.de\/#\/schema\/logo\/image\/"}}]}},"_links":{"self":[{"href":"https:\/\/monnempride.de\/en\/wp-json\/wp\/v2\/pages\/100","targetHints":{"allow":["GET"]}}],"collection":[{"href":"https:\/\/monnempride.de\/en\/wp-json\/wp\/v2\/pages"}],"about":[{"href":"https:\/\/monnempride.de\/en\/wp-json\/wp\/v2\/types\/page"}],"author":[{"embeddable":true,"href":"https:\/\/monnempride.de\/en\/wp-json\/wp\/v2\/users\/1"}],"replies":[{"embeddable":true,"href":"https:\/\/monnempride.de\/en\/wp-json\/wp\/v2\/comments?post=100"}],"version-history":[{"count":6,"href":"https:\/\/monnempride.de\/en\/wp-json\/wp\/v2\/pages\/100\/revisions"}],"predecessor-version":[{"id":3480,"href":"https:\/\/monnempride.de\/en\/wp-json\/wp\/v2\/pages\/100\/revisions\/3480"}],"wp:attachment":[{"href":"https:\/\/monnempride.de\/en\/wp-json\/wp\/v2\/media?parent=100"}],"curies":[{"name":"wp","href":"https:\/\/api.w.org\/{rel}","templated":true}]}}