{"id":136,"date":"2024-01-25T12:01:29","date_gmt":"2024-01-25T11:01:29","guid":{"rendered":"http:\/\/monnempride.de\/?page_id=136"},"modified":"2025-11-17T12:02:10","modified_gmt":"2025-11-17T11:02:10","slug":"mitmachen","status":"publish","type":"page","link":"https:\/\/monnempride.de\/en\/mitmachen\/","title":{"rendered":"Participate"},"content":{"rendered":"<div class=\"wp-block-cover alignfull\"><img loading=\"lazy\" decoding=\"async\" width=\"2560\" height=\"1161\" class=\"wp-block-cover__image-background wp-image-580\" alt=\"\" src=\"http:\/\/monnempride.de\/wp-content\/uploads\/2024\/02\/CSD-Auswahl-Foto-Alexander-Kaestel-22085409-1-scaled.jpg\" data-object-fit=\"cover\" srcset=\"https:\/\/monnempride.de\/wp-content\/uploads\/2024\/02\/CSD-Auswahl-Foto-Alexander-Kaestel-22085409-1-scaled.jpg 2560w, https:\/\/monnempride.de\/wp-content\/uploads\/2024\/02\/CSD-Auswahl-Foto-Alexander-Kaestel-22085409-1-300x136.jpg 300w, https:\/\/monnempride.de\/wp-content\/uploads\/2024\/02\/CSD-Auswahl-Foto-Alexander-Kaestel-22085409-1-1024x465.jpg 1024w, https:\/\/monnempride.de\/wp-content\/uploads\/2024\/02\/CSD-Auswahl-Foto-Alexander-Kaestel-22085409-1-768x348.jpg 768w, https:\/\/monnempride.de\/wp-content\/uploads\/2024\/02\/CSD-Auswahl-Foto-Alexander-Kaestel-22085409-1-1536x697.jpg 1536w, https:\/\/monnempride.de\/wp-content\/uploads\/2024\/02\/CSD-Auswahl-Foto-Alexander-Kaestel-22085409-1-2048x929.jpg 2048w\" sizes=\"auto, (max-width: 2560px) 100vw, 2560px\" \/><span aria-hidden=\"true\" class=\"wp-block-cover__background has-background-dim\"><\/span><div class=\"wp-block-cover__inner-container is-layout-constrained wp-block-cover-is-layout-constrained\">\n<h1 class=\"wp-block-heading has-text-align-center has-ast-global-color-5-color has-text-color has-x-large-font-size\" style=\"font-style:normal;font-weight:900\">Support Monnem Pride<\/h1>\n<\/div><\/div>\n\n\n\n<div style=\"height:80px\" aria-hidden=\"true\" class=\"wp-block-spacer\"><\/div>\n\n\n\n<div class=\"wp-block-columns are-vertically-aligned-top is-layout-flex wp-container-core-columns-is-layout-28f84493 wp-block-columns-is-layout-flex\">\n<div class=\"wp-block-column is-vertically-aligned-top is-layout-flow wp-block-column-is-layout-flow\">\n<figure class=\"wp-block-image aligncenter size-large is-style-default\"><img loading=\"lazy\" decoding=\"async\" width=\"1024\" height=\"683\" src=\"http:\/\/monnempride.de\/wp-content\/uploads\/2024\/03\/CSD-Auswahl-Foto-Alexander-Kaestel-22070816-1024x683.jpg\" alt=\"\" class=\"wp-image-755\" srcset=\"https:\/\/monnempride.de\/wp-content\/uploads\/2024\/03\/CSD-Auswahl-Foto-Alexander-Kaestel-22070816-1024x683.jpg 1024w, https:\/\/monnempride.de\/wp-content\/uploads\/2024\/03\/CSD-Auswahl-Foto-Alexander-Kaestel-22070816-300x200.jpg 300w, https:\/\/monnempride.de\/wp-content\/uploads\/2024\/03\/CSD-Auswahl-Foto-Alexander-Kaestel-22070816-768x512.jpg 768w, https:\/\/monnempride.de\/wp-content\/uploads\/2024\/03\/CSD-Auswahl-Foto-Alexander-Kaestel-22070816-1536x1024.jpg 1536w, https:\/\/monnempride.de\/wp-content\/uploads\/2024\/03\/CSD-Auswahl-Foto-Alexander-Kaestel-22070816-2048x1366.jpg 2048w\" sizes=\"auto, (max-width: 1024px) 100vw, 1024px\" \/><\/figure>\n\n\n\n<h3 class=\"wp-block-heading has-text-align-left has-vivid-red-color has-text-color\" style=\"font-style:normal;font-weight:900\">Make a donation<\/h3>\n\n\n\n<p class=\"has-text-align-left has-neve-text-color-color has-text-color\">Donate to Monnem Pride and help us make this year's event stand out and extra special!<\/p>\n\n\n\n<div class=\"wp-block-buttons is-layout-flex wp-block-buttons-is-layout-flex\">\n<div class=\"wp-block-button has-custom-width wp-block-button__width-100 is-style-fill\"><a class=\"wp-block-button__link has-background has-medium-font-size has-custom-font-size wp-element-button\" href=\"https:\/\/monnempride.de\/en\/mitmachen-spenden\/\" style=\"background:linear-gradient(338deg,rgb(74,234,220) 0%,rgb(151,120,209) 20%,rgb(207,42,186) 40%,rgb(238,44,130) 60%,rgb(251,105,98) 80%,rgb(254,248,76) 100%);padding-top:var(--wp--preset--spacing--50);padding-bottom:var(--wp--preset--spacing--50);font-style:normal;font-weight:900\">Learn more<\/a><\/div>\n<\/div>\n\n\n\n<div style=\"height:40px\" aria-hidden=\"true\" class=\"wp-block-spacer\"><\/div>\n<\/div>\n\n\n\n<div class=\"wp-block-column is-vertically-aligned-top is-layout-flow wp-block-column-is-layout-flow\">\n<figure class=\"wp-block-image aligncenter size-large is-style-default\"><img loading=\"lazy\" decoding=\"async\" width=\"1024\" height=\"683\" src=\"http:\/\/monnempride.de\/wp-content\/uploads\/2024\/03\/CSD-Auswahl-Foto-Alexander-Kaestel-23087827-1024x683.jpg\" alt=\"\" class=\"wp-image-748\" srcset=\"https:\/\/monnempride.de\/wp-content\/uploads\/2024\/03\/CSD-Auswahl-Foto-Alexander-Kaestel-23087827-1024x683.jpg 1024w, https:\/\/monnempride.de\/wp-content\/uploads\/2024\/03\/CSD-Auswahl-Foto-Alexander-Kaestel-23087827-300x200.jpg 300w, https:\/\/monnempride.de\/wp-content\/uploads\/2024\/03\/CSD-Auswahl-Foto-Alexander-Kaestel-23087827-768x512.jpg 768w, https:\/\/monnempride.de\/wp-content\/uploads\/2024\/03\/CSD-Auswahl-Foto-Alexander-Kaestel-23087827-1536x1024.jpg 1536w, https:\/\/monnempride.de\/wp-content\/uploads\/2024\/03\/CSD-Auswahl-Foto-Alexander-Kaestel-23087827-2048x1366.jpg 2048w\" sizes=\"auto, (max-width: 1024px) 100vw, 1024px\" \/><\/figure>\n\n\n\n<h3 class=\"wp-block-heading has-text-align-left has-vivid-red-color has-text-color\" style=\"font-style:normal;font-weight:900\">Become a volunteer<\/h3>\n\n\n\n<p class=\"has-text-align-left has-neve-text-color-color has-text-color\">Would you like to volunteer? Find out how you can actively help shape Monnem Pride.<\/p>\n\n\n\n<div class=\"wp-block-buttons is-layout-flex wp-block-buttons-is-layout-flex\">\n<div class=\"wp-block-button has-custom-width wp-block-button__width-100 is-style-fill\"><a class=\"wp-block-button__link has-background has-medium-font-size has-custom-font-size wp-element-button\" href=\"https:\/\/monnempride.de\/en\/werde-volunteer\/\" style=\"background:linear-gradient(338deg,rgb(74,234,220) 0%,rgb(151,120,209) 20%,rgb(207,42,186) 40%,rgb(238,44,130) 60%,rgb(251,105,98) 80%,rgb(254,248,76) 100%);padding-top:var(--wp--preset--spacing--50);padding-bottom:var(--wp--preset--spacing--50);font-style:normal;font-weight:900\">Learn more<\/a><\/div>\n<\/div>\n<\/div>\n<\/div>","protected":false},"excerpt":{"rendered":"<p>Werde Spender*in Spende f\u00fcr die Monnem Pride uns hilf dabei, die diesj\u00e4hrige Veranstaltung zu etwas ganz Besonderem zu machen! Werde Volunteer Du m\u00f6chtest dich ehrenamtlich engagieren? Erfahre, wie du die [&hellip;]<\/p>","protected":false},"author":1,"featured_media":0,"parent":0,"menu_order":2,"comment_status":"closed","ping_status":"closed","template":"","meta":{"_eb_attr":"","site-sidebar-layout":"default","site-content-layout":"","ast-site-content-layout":"","site-content-style":"default","site-sidebar-style":"default","ast-global-header-display":"","ast-banner-title-visibility":"","ast-main-header-display":"","ast-hfb-above-header-display":"","ast-hfb-below-header-display":"","ast-hfb-mobile-header-display":"","site-post-title":"","ast-breadcrumbs-content":"","ast-featured-img":"","footer-sml-layout":"","theme-transparent-header-meta":"","adv-header-id-meta":"","stick-header-meta":"","header-above-stick-meta":"","header-main-stick-meta":"","header-below-stick-meta":"","astra-migrate-meta-layouts":"default","ast-page-background-enabled":"default","ast-page-background-meta":{"desktop":{"background-color":"var(--ast-global-color-4)","background-image":"","background-repeat":"repeat","background-position":"center center","background-size":"auto","background-attachment":"scroll","background-type":"","background-media":"","overlay-type":"","overlay-color":"","overlay-gradient":""},"tablet":{"background-color":"","background-image":"","background-repeat":"repeat","background-position":"center center","background-size":"auto","background-attachment":"scroll","background-type":"","background-media":"","overlay-type":"","overlay-color":"","overlay-gradient":""},"mobile":{"background-color":"","background-image":"","background-repeat":"repeat","background-position":"center center","background-size":"auto","background-attachment":"scroll","background-type":"","background-media":"","overlay-type":"","overlay-color":"","overlay-gradient":""}},"ast-content-background-meta":{"desktop":{"background-color":"var(--ast-global-color-5)","background-image":"","background-repeat":"repeat","background-position":"center center","background-size":"auto","background-attachment":"scroll","background-type":"","background-media":"","overlay-type":"","overlay-color":"","overlay-gradient":""},"tablet":{"background-color":"var(--ast-global-color-5)","background-image":"","background-repeat":"repeat","background-position":"center center","background-size":"auto","background-attachment":"scroll","background-type":"","background-media":"","overlay-type":"","overlay-color":"","overlay-gradient":""},"mobile":{"background-color":"var(--ast-global-color-5)","background-image":"","background-repeat":"repeat","background-position":"center center","background-size":"auto","background-attachment":"scroll","background-type":"","background-media":"","overlay-type":"","overlay-color":"","overlay-gradient":""}},"footnotes":""},"class_list":["post-136","page","type-page","status-publish","hentry"],"yoast_head":"<!-- This site is optimized with the Yoast SEO plugin v27.5 - https:\/\/yoast.com\/product\/yoast-seo-wordpress\/ -->\n<title>Mitmachen &#8211; Monnem Pride<\/title>\n<meta name=\"robots\" content=\"index, follow, max-snippet:-1, max-image-preview:large, max-video-preview:-1\" \/>\n<link rel=\"canonical\" href=\"https:\/\/monnempride.de\/en\/mitmachen\/\" \/>\n<meta property=\"og:locale\" content=\"en_US\" \/>\n<meta property=\"og:type\" content=\"article\" \/>\n<meta property=\"og:title\" content=\"Mitmachen &#8211; Monnem Pride\" \/>\n<meta property=\"og:description\" content=\"Werde Spender*in Spende f\u00fcr die Monnem Pride uns hilf dabei, die diesj\u00e4hrige Veranstaltung zu etwas ganz Besonderem zu machen! Werde Volunteer Du m\u00f6chtest dich ehrenamtlich engagieren? Erfahre, wie du die [&hellip;]\" \/>\n<meta property=\"og:url\" content=\"https:\/\/monnempride.de\/en\/mitmachen\/\" \/>\n<meta property=\"og:site_name\" content=\"Monnem Pride\" \/>\n<meta property=\"article:modified_time\" content=\"2025-11-17T11:02:10+00:00\" \/>\n<meta property=\"og:image\" content=\"http:\/\/monnempride.de\/wp-content\/uploads\/2024\/02\/CSD-Auswahl-Foto-Alexander-Kaestel-22085409-1-scaled.jpg\" \/>\n<meta name=\"twitter:card\" content=\"summary_large_image\" \/>\n<meta name=\"twitter:label1\" content=\"Est. reading time\" \/>\n\t<meta name=\"twitter:data1\" content=\"1 minute\" \/>\n<script type=\"application\/ld+json\" class=\"yoast-schema-graph\">{\"@context\":\"https:\\\/\\\/schema.org\",\"@graph\":[{\"@type\":\"WebPage\",\"@id\":\"https:\\\/\\\/monnempride.de\\\/mitmachen\\\/\",\"url\":\"https:\\\/\\\/monnempride.de\\\/mitmachen\\\/\",\"name\":\"Mitmachen &#8211; Monnem Pride\",\"isPartOf\":{\"@id\":\"https:\\\/\\\/monnempride.de\\\/#website\"},\"primaryImageOfPage\":{\"@id\":\"https:\\\/\\\/monnempride.de\\\/mitmachen\\\/#primaryimage\"},\"image\":{\"@id\":\"https:\\\/\\\/monnempride.de\\\/mitmachen\\\/#primaryimage\"},\"thumbnailUrl\":\"http:\\\/\\\/monnempride.de\\\/wp-content\\\/uploads\\\/2024\\\/02\\\/CSD-Auswahl-Foto-Alexander-Kaestel-22085409-1-scaled.jpg\",\"datePublished\":\"2024-01-25T11:01:29+00:00\",\"dateModified\":\"2025-11-17T11:02:10+00:00\",\"breadcrumb\":{\"@id\":\"https:\\\/\\\/monnempride.de\\\/mitmachen\\\/#breadcrumb\"},\"inLanguage\":\"en-US\",\"potentialAction\":[{\"@type\":\"ReadAction\",\"target\":[\"https:\\\/\\\/monnempride.de\\\/mitmachen\\\/\"]}]},{\"@type\":\"ImageObject\",\"inLanguage\":\"en-US\",\"@id\":\"https:\\\/\\\/monnempride.de\\\/mitmachen\\\/#primaryimage\",\"url\":\"http:\\\/\\\/monnempride.de\\\/wp-content\\\/uploads\\\/2024\\\/02\\\/CSD-Auswahl-Foto-Alexander-Kaestel-22085409-1-scaled.jpg\",\"contentUrl\":\"http:\\\/\\\/monnempride.de\\\/wp-content\\\/uploads\\\/2024\\\/02\\\/CSD-Auswahl-Foto-Alexander-Kaestel-22085409-1-scaled.jpg\"},{\"@type\":\"BreadcrumbList\",\"@id\":\"https:\\\/\\\/monnempride.de\\\/mitmachen\\\/#breadcrumb\",\"itemListElement\":[{\"@type\":\"ListItem\",\"position\":1,\"name\":\"Startseite\",\"item\":\"https:\\\/\\\/monnempride.de\\\/\"},{\"@type\":\"ListItem\",\"position\":2,\"name\":\"Mitmachen\"}]},{\"@type\":\"WebSite\",\"@id\":\"https:\\\/\\\/monnempride.de\\\/#website\",\"url\":\"https:\\\/\\\/monnempride.de\\\/\",\"name\":\"Monnem Pride\",\"description\":\"zusammen eins \u2013 intersektional. antifaschistisch. queer.\",\"publisher\":{\"@id\":\"https:\\\/\\\/monnempride.de\\\/#organization\"},\"potentialAction\":[{\"@type\":\"SearchAction\",\"target\":{\"@type\":\"EntryPoint\",\"urlTemplate\":\"https:\\\/\\\/monnempride.de\\\/?s={search_term_string}\"},\"query-input\":{\"@type\":\"PropertyValueSpecification\",\"valueRequired\":true,\"valueName\":\"search_term_string\"}}],\"inLanguage\":\"en-US\"},{\"@type\":\"Organization\",\"@id\":\"https:\\\/\\\/monnempride.de\\\/#organization\",\"name\":\"Monnem Pride\",\"url\":\"https:\\\/\\\/monnempride.de\\\/\",\"logo\":{\"@type\":\"ImageObject\",\"inLanguage\":\"en-US\",\"@id\":\"https:\\\/\\\/monnempride.de\\\/#\\\/schema\\\/logo\\\/image\\\/\",\"url\":\"http:\\\/\\\/monnempride.de\\\/wp-content\\\/uploads\\\/2024\\\/01\\\/cropped-Element-1Logo-1.png\",\"contentUrl\":\"http:\\\/\\\/monnempride.de\\\/wp-content\\\/uploads\\\/2024\\\/01\\\/cropped-Element-1Logo-1.png\",\"width\":200,\"height\":114,\"caption\":\"Monnem Pride\"},\"image\":{\"@id\":\"https:\\\/\\\/monnempride.de\\\/#\\\/schema\\\/logo\\\/image\\\/\"}}]}<\/script>\n<!-- \/ Yoast SEO plugin. -->","yoast_head_json":{"title":"Mitmachen &#8211; Monnem Pride","robots":{"index":"index","follow":"follow","max-snippet":"max-snippet:-1","max-image-preview":"max-image-preview:large","max-video-preview":"max-video-preview:-1"},"canonical":"https:\/\/monnempride.de\/en\/mitmachen\/","og_locale":"en_US","og_type":"article","og_title":"Mitmachen &#8211; Monnem Pride","og_description":"Werde Spender*in Spende f\u00fcr die Monnem Pride uns hilf dabei, die diesj\u00e4hrige Veranstaltung zu etwas ganz Besonderem zu machen! Werde Volunteer Du m\u00f6chtest dich ehrenamtlich engagieren? Erfahre, wie du die [&hellip;]","og_url":"https:\/\/monnempride.de\/en\/mitmachen\/","og_site_name":"Monnem Pride","article_modified_time":"2025-11-17T11:02:10+00:00","og_image":[{"url":"http:\/\/monnempride.de\/wp-content\/uploads\/2024\/02\/CSD-Auswahl-Foto-Alexander-Kaestel-22085409-1-scaled.jpg","type":"","width":"","height":""}],"twitter_card":"summary_large_image","twitter_misc":{"Est. reading time":"1 minute"},"schema":{"@context":"https:\/\/schema.org","@graph":[{"@type":"WebPage","@id":"https:\/\/monnempride.de\/mitmachen\/","url":"https:\/\/monnempride.de\/mitmachen\/","name":"Mitmachen &#8211; Monnem Pride","isPartOf":{"@id":"https:\/\/monnempride.de\/#website"},"primaryImageOfPage":{"@id":"https:\/\/monnempride.de\/mitmachen\/#primaryimage"},"image":{"@id":"https:\/\/monnempride.de\/mitmachen\/#primaryimage"},"thumbnailUrl":"http:\/\/monnempride.de\/wp-content\/uploads\/2024\/02\/CSD-Auswahl-Foto-Alexander-Kaestel-22085409-1-scaled.jpg","datePublished":"2024-01-25T11:01:29+00:00","dateModified":"2025-11-17T11:02:10+00:00","breadcrumb":{"@id":"https:\/\/monnempride.de\/mitmachen\/#breadcrumb"},"inLanguage":"en-US","potentialAction":[{"@type":"ReadAction","target":["https:\/\/monnempride.de\/mitmachen\/"]}]},{"@type":"ImageObject","inLanguage":"en-US","@id":"https:\/\/monnempride.de\/mitmachen\/#primaryimage","url":"http:\/\/monnempride.de\/wp-content\/uploads\/2024\/02\/CSD-Auswahl-Foto-Alexander-Kaestel-22085409-1-scaled.jpg","contentUrl":"http:\/\/monnempride.de\/wp-content\/uploads\/2024\/02\/CSD-Auswahl-Foto-Alexander-Kaestel-22085409-1-scaled.jpg"},{"@type":"BreadcrumbList","@id":"https:\/\/monnempride.de\/mitmachen\/#breadcrumb","itemListElement":[{"@type":"ListItem","position":1,"name":"Startseite","item":"https:\/\/monnempride.de\/"},{"@type":"ListItem","position":2,"name":"Mitmachen"}]},{"@type":"WebSite","@id":"https:\/\/monnempride.de\/#website","url":"https:\/\/monnempride.de\/","name":"Monnem Pride","description":"zusammen eins \u2013 intersektional. antifaschistisch. queer.","publisher":{"@id":"https:\/\/monnempride.de\/#organization"},"potentialAction":[{"@type":"SearchAction","target":{"@type":"EntryPoint","urlTemplate":"https:\/\/monnempride.de\/?s={search_term_string}"},"query-input":{"@type":"PropertyValueSpecification","valueRequired":true,"valueName":"search_term_string"}}],"inLanguage":"en-US"},{"@type":"Organization","@id":"https:\/\/monnempride.de\/#organization","name":"Monnem Pride","url":"https:\/\/monnempride.de\/","logo":{"@type":"ImageObject","inLanguage":"en-US","@id":"https:\/\/monnempride.de\/#\/schema\/logo\/image\/","url":"http:\/\/monnempride.de\/wp-content\/uploads\/2024\/01\/cropped-Element-1Logo-1.png","contentUrl":"http:\/\/monnempride.de\/wp-content\/uploads\/2024\/01\/cropped-Element-1Logo-1.png","width":200,"height":114,"caption":"Monnem Pride"},"image":{"@id":"https:\/\/monnempride.de\/#\/schema\/logo\/image\/"}}]}},"_links":{"self":[{"href":"https:\/\/monnempride.de\/en\/wp-json\/wp\/v2\/pages\/136","targetHints":{"allow":["GET"]}}],"collection":[{"href":"https:\/\/monnempride.de\/en\/wp-json\/wp\/v2\/pages"}],"about":[{"href":"https:\/\/monnempride.de\/en\/wp-json\/wp\/v2\/types\/page"}],"author":[{"embeddable":true,"href":"https:\/\/monnempride.de\/en\/wp-json\/wp\/v2\/users\/1"}],"replies":[{"embeddable":true,"href":"https:\/\/monnempride.de\/en\/wp-json\/wp\/v2\/comments?post=136"}],"version-history":[{"count":10,"href":"https:\/\/monnempride.de\/en\/wp-json\/wp\/v2\/pages\/136\/revisions"}],"predecessor-version":[{"id":3486,"href":"https:\/\/monnempride.de\/en\/wp-json\/wp\/v2\/pages\/136\/revisions\/3486"}],"wp:attachment":[{"href":"https:\/\/monnempride.de\/en\/wp-json\/wp\/v2\/media?parent=136"}],"curies":[{"name":"wp","href":"https:\/\/api.w.org\/{rel}","templated":true}]}}