{"id":2621,"date":"2025-04-25T14:16:34","date_gmt":"2025-04-25T13:16:34","guid":{"rendered":"https:\/\/monnempride.de\/?page_id=2621"},"modified":"2025-12-01T10:27:32","modified_gmt":"2025-12-01T09:27:32","slug":"konzept","status":"publish","type":"page","link":"https:\/\/monnempride.de\/en\/awareness\/konzept\/","title":{"rendered":"Awareness Konzept"},"content":{"rendered":"<div class=\"wp-block-cover alignfull\"><img loading=\"lazy\" decoding=\"async\" width=\"1024\" height=\"683\" class=\"wp-block-cover__image-background wp-image-1830 size-large\" alt=\"\" src=\"https:\/\/monnempride.de\/wp-content\/uploads\/2024\/07\/Monnem-Pride-2024-Demo-Fotos-Alexander-Kaestel-Mannheim-4070925-1024x683.jpg\" data-object-fit=\"cover\" srcset=\"https:\/\/monnempride.de\/wp-content\/uploads\/2024\/07\/Monnem-Pride-2024-Demo-Fotos-Alexander-Kaestel-Mannheim-4070925-1024x683.jpg 1024w, https:\/\/monnempride.de\/wp-content\/uploads\/2024\/07\/Monnem-Pride-2024-Demo-Fotos-Alexander-Kaestel-Mannheim-4070925-300x200.jpg 300w, https:\/\/monnempride.de\/wp-content\/uploads\/2024\/07\/Monnem-Pride-2024-Demo-Fotos-Alexander-Kaestel-Mannheim-4070925-768x512.jpg 768w, https:\/\/monnempride.de\/wp-content\/uploads\/2024\/07\/Monnem-Pride-2024-Demo-Fotos-Alexander-Kaestel-Mannheim-4070925-1536x1025.jpg 1536w, https:\/\/monnempride.de\/wp-content\/uploads\/2024\/07\/Monnem-Pride-2024-Demo-Fotos-Alexander-Kaestel-Mannheim-4070925.jpg 1919w\" sizes=\"auto, (max-width: 1024px) 100vw, 1024px\" \/><span aria-hidden=\"true\" class=\"wp-block-cover__background has-background-dim\" style=\"background-color:#6b5550\"><\/span><div class=\"wp-block-cover__inner-container is-layout-constrained wp-block-cover-is-layout-constrained\">\n<h1 class=\"wp-block-heading has-text-align-center has-ast-global-color-5-color has-text-color has-link-color has-x-large-font-size wp-elements-6abc4c50a80b709fa6034553504c023b\"><strong>Unser Awareness Konzept<\/strong><\/h1>\n<\/div><\/div>\n\n\n\n<div class=\"wp-block-columns is-layout-flex wp-container-core-columns-is-layout-28f84493 wp-block-columns-is-layout-flex\">\n<div class=\"wp-block-column is-layout-flow wp-block-column-is-layout-flow\">\n<p>Beim Monnem Pride soll sich jede*r sicher und willkommen f\u00fchlen \u2013 unabh\u00e4ngig von Herkunft, Geschlecht, Sprache, K\u00f6rper, Identit\u00e4t oder Erfahrungen. Unser Awareness-Team setzt sich daf\u00fcr ein, dass ein respektvoller und solidarischer Raum entsteht, in dem Grenzen geachtet und Diskriminierung keinen Platz hat.<\/p>\n\n\n\n<p>Auf dieser Seite findest du unser Awareness-Konzept: Was wir unter Awareness verstehen, wie wir handeln, wenn etwas passiert \u2013 und wie du selbst zur Awareness beitragen kannst.<\/p>\n\n\n\n<p>Du willst Teil des Teams werden oder hast Fragen? Schreib uns gern \u2013 ob f\u00fcr die Vorbereitung oder als Unterst\u00fctzung am Tag selbst, wir freuen uns auf dich! \ud83d\udc96\ud83c\udff3\ufe0f\u200d\ud83c\udf08 Du erreichst uns unter awareness@monnempride.de.<\/p>\n<\/div>\n<\/div>\n\n\n\n<div data-wp-interactive=\"core\/file\" class=\"wp-block-file\"><object data-wp-bind--hidden=\"!state.hasPdfPreview\" hidden class=\"wp-block-file__embed\" data=\"https:\/\/monnempride.de\/wp-content\/uploads\/2025\/12\/Monnem-Pride-Awareness-Konzept.pdf\" type=\"application\/pdf\" style=\"width:100%;height:600px\" aria-label=\"Embed of Monnem Pride Awareness Konzept.\"><\/object><a id=\"wp-block-file--media-27b5846f-040f-4372-ba94-fa7bd3c0620c\" href=\"https:\/\/monnempride.de\/wp-content\/uploads\/2025\/12\/Monnem-Pride-Awareness-Konzept.pdf\">Monnem Pride Awareness Konzept<\/a><a href=\"https:\/\/monnempride.de\/wp-content\/uploads\/2025\/12\/Monnem-Pride-Awareness-Konzept.pdf\" class=\"wp-block-file__button wp-element-button\" download aria-describedby=\"wp-block-file--media-27b5846f-040f-4372-ba94-fa7bd3c0620c\">Download (German)<\/a><\/div>","protected":false},"excerpt":{"rendered":"<p>Beim Monnem Pride soll sich jede*r sicher und willkommen f\u00fchlen \u2013 unabh\u00e4ngig von Herkunft, Geschlecht, Sprache, K\u00f6rper, Identit\u00e4t oder Erfahrungen. Unser Awareness-Team setzt sich daf\u00fcr ein, dass ein respektvoller und [&hellip;]<\/p>","protected":false},"author":2,"featured_media":0,"parent":2569,"menu_order":0,"comment_status":"closed","ping_status":"closed","template":"","meta":{"_eb_attr":"","site-sidebar-layout":"default","site-content-layout":"","ast-site-content-layout":"","site-content-style":"default","site-sidebar-style":"default","ast-global-header-display":"","ast-banner-title-visibility":"","ast-main-header-display":"","ast-hfb-above-header-display":"","ast-hfb-below-header-display":"","ast-hfb-mobile-header-display":"","site-post-title":"disabled","ast-breadcrumbs-content":"","ast-featured-img":"","footer-sml-layout":"","theme-transparent-header-meta":"","adv-header-id-meta":"","stick-header-meta":"","header-above-stick-meta":"","header-main-stick-meta":"","header-below-stick-meta":"","astra-migrate-meta-layouts":"default","ast-page-background-enabled":"default","ast-page-background-meta":{"desktop":{"background-color":"var(--ast-global-color-4)","background-image":"","background-repeat":"repeat","background-position":"center center","background-size":"auto","background-attachment":"scroll","background-type":"","background-media":"","overlay-type":"","overlay-color":"","overlay-opacity":"","overlay-gradient":""},"tablet":{"background-color":"","background-image":"","background-repeat":"repeat","background-position":"center center","background-size":"auto","background-attachment":"scroll","background-type":"","background-media":"","overlay-type":"","overlay-color":"","overlay-opacity":"","overlay-gradient":""},"mobile":{"background-color":"","background-image":"","background-repeat":"repeat","background-position":"center center","background-size":"auto","background-attachment":"scroll","background-type":"","background-media":"","overlay-type":"","overlay-color":"","overlay-opacity":"","overlay-gradient":""}},"ast-content-background-meta":{"desktop":{"background-color":"var(--ast-global-color-5)","background-image":"","background-repeat":"repeat","background-position":"center center","background-size":"auto","background-attachment":"scroll","background-type":"","background-media":"","overlay-type":"","overlay-color":"","overlay-opacity":"","overlay-gradient":""},"tablet":{"background-color":"var(--ast-global-color-5)","background-image":"","background-repeat":"repeat","background-position":"center center","background-size":"auto","background-attachment":"scroll","background-type":"","background-media":"","overlay-type":"","overlay-color":"","overlay-opacity":"","overlay-gradient":""},"mobile":{"background-color":"var(--ast-global-color-5)","background-image":"","background-repeat":"repeat","background-position":"center center","background-size":"auto","background-attachment":"scroll","background-type":"","background-media":"","overlay-type":"","overlay-color":"","overlay-opacity":"","overlay-gradient":""}},"footnotes":""},"class_list":["post-2621","page","type-page","status-publish","hentry"],"yoast_head":"<!-- This site is optimized with the Yoast SEO plugin v27.5 - https:\/\/yoast.com\/product\/yoast-seo-wordpress\/ -->\n<title>Awareness Konzept &#8211; Monnem Pride<\/title>\n<meta name=\"robots\" content=\"index, follow, max-snippet:-1, max-image-preview:large, max-video-preview:-1\" \/>\n<link rel=\"canonical\" href=\"https:\/\/monnempride.de\/en\/awareness\/konzept\/\" \/>\n<meta property=\"og:locale\" content=\"en_US\" \/>\n<meta property=\"og:type\" content=\"article\" \/>\n<meta property=\"og:title\" content=\"Awareness Konzept &#8211; Monnem Pride\" \/>\n<meta property=\"og:description\" content=\"Beim Monnem Pride soll sich jede*r sicher und willkommen f\u00fchlen \u2013 unabh\u00e4ngig von Herkunft, Geschlecht, Sprache, K\u00f6rper, Identit\u00e4t oder Erfahrungen. Unser Awareness-Team setzt sich daf\u00fcr ein, dass ein respektvoller und [&hellip;]\" \/>\n<meta property=\"og:url\" content=\"https:\/\/monnempride.de\/en\/awareness\/konzept\/\" \/>\n<meta property=\"og:site_name\" content=\"Monnem Pride\" \/>\n<meta property=\"article:modified_time\" content=\"2025-12-01T09:27:32+00:00\" \/>\n<meta property=\"og:image\" content=\"https:\/\/monnempride.de\/wp-content\/uploads\/2024\/07\/Monnem-Pride-2024-Demo-Fotos-Alexander-Kaestel-Mannheim-4070925.jpg\" \/>\n\t<meta property=\"og:image:width\" content=\"1919\" \/>\n\t<meta property=\"og:image:height\" content=\"1280\" \/>\n\t<meta property=\"og:image:type\" content=\"image\/jpeg\" \/>\n<meta name=\"twitter:card\" content=\"summary_large_image\" \/>\n<meta name=\"twitter:label1\" content=\"Est. reading time\" \/>\n\t<meta name=\"twitter:data1\" content=\"1 minute\" \/>\n<script type=\"application\/ld+json\" class=\"yoast-schema-graph\">{\"@context\":\"https:\\\/\\\/schema.org\",\"@graph\":[{\"@type\":\"WebPage\",\"@id\":\"https:\\\/\\\/monnempride.de\\\/awareness\\\/konzept\\\/\",\"url\":\"https:\\\/\\\/monnempride.de\\\/awareness\\\/konzept\\\/\",\"name\":\"Awareness Konzept &#8211; Monnem Pride\",\"isPartOf\":{\"@id\":\"https:\\\/\\\/monnempride.de\\\/#website\"},\"primaryImageOfPage\":{\"@id\":\"https:\\\/\\\/monnempride.de\\\/awareness\\\/konzept\\\/#primaryimage\"},\"image\":{\"@id\":\"https:\\\/\\\/monnempride.de\\\/awareness\\\/konzept\\\/#primaryimage\"},\"thumbnailUrl\":\"https:\\\/\\\/monnempride.de\\\/wp-content\\\/uploads\\\/2024\\\/07\\\/Monnem-Pride-2024-Demo-Fotos-Alexander-Kaestel-Mannheim-4070925-1024x683.jpg\",\"datePublished\":\"2025-04-25T13:16:34+00:00\",\"dateModified\":\"2025-12-01T09:27:32+00:00\",\"breadcrumb\":{\"@id\":\"https:\\\/\\\/monnempride.de\\\/awareness\\\/konzept\\\/#breadcrumb\"},\"inLanguage\":\"en-US\",\"potentialAction\":[{\"@type\":\"ReadAction\",\"target\":[\"https:\\\/\\\/monnempride.de\\\/awareness\\\/konzept\\\/\"]}]},{\"@type\":\"ImageObject\",\"inLanguage\":\"en-US\",\"@id\":\"https:\\\/\\\/monnempride.de\\\/awareness\\\/konzept\\\/#primaryimage\",\"url\":\"https:\\\/\\\/monnempride.de\\\/wp-content\\\/uploads\\\/2024\\\/07\\\/Monnem-Pride-2024-Demo-Fotos-Alexander-Kaestel-Mannheim-4070925-1024x683.jpg\",\"contentUrl\":\"https:\\\/\\\/monnempride.de\\\/wp-content\\\/uploads\\\/2024\\\/07\\\/Monnem-Pride-2024-Demo-Fotos-Alexander-Kaestel-Mannheim-4070925-1024x683.jpg\"},{\"@type\":\"BreadcrumbList\",\"@id\":\"https:\\\/\\\/monnempride.de\\\/awareness\\\/konzept\\\/#breadcrumb\",\"itemListElement\":[{\"@type\":\"ListItem\",\"position\":1,\"name\":\"Startseite\",\"item\":\"https:\\\/\\\/monnempride.de\\\/\"},{\"@type\":\"ListItem\",\"position\":2,\"name\":\"Awareness\",\"item\":\"https:\\\/\\\/monnempride.de\\\/awareness\\\/\"},{\"@type\":\"ListItem\",\"position\":3,\"name\":\"Awareness Konzept\"}]},{\"@type\":\"WebSite\",\"@id\":\"https:\\\/\\\/monnempride.de\\\/#website\",\"url\":\"https:\\\/\\\/monnempride.de\\\/\",\"name\":\"Monnem Pride\",\"description\":\"zusammen eins \u2013 intersektional. antifaschistisch. queer.\",\"publisher\":{\"@id\":\"https:\\\/\\\/monnempride.de\\\/#organization\"},\"potentialAction\":[{\"@type\":\"SearchAction\",\"target\":{\"@type\":\"EntryPoint\",\"urlTemplate\":\"https:\\\/\\\/monnempride.de\\\/?s={search_term_string}\"},\"query-input\":{\"@type\":\"PropertyValueSpecification\",\"valueRequired\":true,\"valueName\":\"search_term_string\"}}],\"inLanguage\":\"en-US\"},{\"@type\":\"Organization\",\"@id\":\"https:\\\/\\\/monnempride.de\\\/#organization\",\"name\":\"Monnem Pride\",\"url\":\"https:\\\/\\\/monnempride.de\\\/\",\"logo\":{\"@type\":\"ImageObject\",\"inLanguage\":\"en-US\",\"@id\":\"https:\\\/\\\/monnempride.de\\\/#\\\/schema\\\/logo\\\/image\\\/\",\"url\":\"http:\\\/\\\/monnempride.de\\\/wp-content\\\/uploads\\\/2024\\\/01\\\/cropped-Element-1Logo-1.png\",\"contentUrl\":\"http:\\\/\\\/monnempride.de\\\/wp-content\\\/uploads\\\/2024\\\/01\\\/cropped-Element-1Logo-1.png\",\"width\":200,\"height\":114,\"caption\":\"Monnem Pride\"},\"image\":{\"@id\":\"https:\\\/\\\/monnempride.de\\\/#\\\/schema\\\/logo\\\/image\\\/\"}}]}<\/script>\n<!-- \/ Yoast SEO plugin. -->","yoast_head_json":{"title":"Awareness Konzept &#8211; Monnem Pride","robots":{"index":"index","follow":"follow","max-snippet":"max-snippet:-1","max-image-preview":"max-image-preview:large","max-video-preview":"max-video-preview:-1"},"canonical":"https:\/\/monnempride.de\/en\/awareness\/konzept\/","og_locale":"en_US","og_type":"article","og_title":"Awareness Konzept &#8211; Monnem Pride","og_description":"Beim Monnem Pride soll sich jede*r sicher und willkommen f\u00fchlen \u2013 unabh\u00e4ngig von Herkunft, Geschlecht, Sprache, K\u00f6rper, Identit\u00e4t oder Erfahrungen. Unser Awareness-Team setzt sich daf\u00fcr ein, dass ein respektvoller und [&hellip;]","og_url":"https:\/\/monnempride.de\/en\/awareness\/konzept\/","og_site_name":"Monnem Pride","article_modified_time":"2025-12-01T09:27:32+00:00","og_image":[{"width":1919,"height":1280,"url":"https:\/\/monnempride.de\/wp-content\/uploads\/2024\/07\/Monnem-Pride-2024-Demo-Fotos-Alexander-Kaestel-Mannheim-4070925.jpg","type":"image\/jpeg"}],"twitter_card":"summary_large_image","twitter_misc":{"Est. reading time":"1 minute"},"schema":{"@context":"https:\/\/schema.org","@graph":[{"@type":"WebPage","@id":"https:\/\/monnempride.de\/awareness\/konzept\/","url":"https:\/\/monnempride.de\/awareness\/konzept\/","name":"Awareness Konzept &#8211; Monnem Pride","isPartOf":{"@id":"https:\/\/monnempride.de\/#website"},"primaryImageOfPage":{"@id":"https:\/\/monnempride.de\/awareness\/konzept\/#primaryimage"},"image":{"@id":"https:\/\/monnempride.de\/awareness\/konzept\/#primaryimage"},"thumbnailUrl":"https:\/\/monnempride.de\/wp-content\/uploads\/2024\/07\/Monnem-Pride-2024-Demo-Fotos-Alexander-Kaestel-Mannheim-4070925-1024x683.jpg","datePublished":"2025-04-25T13:16:34+00:00","dateModified":"2025-12-01T09:27:32+00:00","breadcrumb":{"@id":"https:\/\/monnempride.de\/awareness\/konzept\/#breadcrumb"},"inLanguage":"en-US","potentialAction":[{"@type":"ReadAction","target":["https:\/\/monnempride.de\/awareness\/konzept\/"]}]},{"@type":"ImageObject","inLanguage":"en-US","@id":"https:\/\/monnempride.de\/awareness\/konzept\/#primaryimage","url":"https:\/\/monnempride.de\/wp-content\/uploads\/2024\/07\/Monnem-Pride-2024-Demo-Fotos-Alexander-Kaestel-Mannheim-4070925-1024x683.jpg","contentUrl":"https:\/\/monnempride.de\/wp-content\/uploads\/2024\/07\/Monnem-Pride-2024-Demo-Fotos-Alexander-Kaestel-Mannheim-4070925-1024x683.jpg"},{"@type":"BreadcrumbList","@id":"https:\/\/monnempride.de\/awareness\/konzept\/#breadcrumb","itemListElement":[{"@type":"ListItem","position":1,"name":"Startseite","item":"https:\/\/monnempride.de\/"},{"@type":"ListItem","position":2,"name":"Awareness","item":"https:\/\/monnempride.de\/awareness\/"},{"@type":"ListItem","position":3,"name":"Awareness Konzept"}]},{"@type":"WebSite","@id":"https:\/\/monnempride.de\/#website","url":"https:\/\/monnempride.de\/","name":"Monnem Pride","description":"zusammen eins \u2013 intersektional. antifaschistisch. queer.","publisher":{"@id":"https:\/\/monnempride.de\/#organization"},"potentialAction":[{"@type":"SearchAction","target":{"@type":"EntryPoint","urlTemplate":"https:\/\/monnempride.de\/?s={search_term_string}"},"query-input":{"@type":"PropertyValueSpecification","valueRequired":true,"valueName":"search_term_string"}}],"inLanguage":"en-US"},{"@type":"Organization","@id":"https:\/\/monnempride.de\/#organization","name":"Monnem Pride","url":"https:\/\/monnempride.de\/","logo":{"@type":"ImageObject","inLanguage":"en-US","@id":"https:\/\/monnempride.de\/#\/schema\/logo\/image\/","url":"http:\/\/monnempride.de\/wp-content\/uploads\/2024\/01\/cropped-Element-1Logo-1.png","contentUrl":"http:\/\/monnempride.de\/wp-content\/uploads\/2024\/01\/cropped-Element-1Logo-1.png","width":200,"height":114,"caption":"Monnem Pride"},"image":{"@id":"https:\/\/monnempride.de\/#\/schema\/logo\/image\/"}}]}},"_links":{"self":[{"href":"https:\/\/monnempride.de\/en\/wp-json\/wp\/v2\/pages\/2621","targetHints":{"allow":["GET"]}}],"collection":[{"href":"https:\/\/monnempride.de\/en\/wp-json\/wp\/v2\/pages"}],"about":[{"href":"https:\/\/monnempride.de\/en\/wp-json\/wp\/v2\/types\/page"}],"author":[{"embeddable":true,"href":"https:\/\/monnempride.de\/en\/wp-json\/wp\/v2\/users\/2"}],"replies":[{"embeddable":true,"href":"https:\/\/monnempride.de\/en\/wp-json\/wp\/v2\/comments?post=2621"}],"version-history":[{"count":4,"href":"https:\/\/monnempride.de\/en\/wp-json\/wp\/v2\/pages\/2621\/revisions"}],"predecessor-version":[{"id":3500,"href":"https:\/\/monnempride.de\/en\/wp-json\/wp\/v2\/pages\/2621\/revisions\/3500"}],"up":[{"embeddable":true,"href":"https:\/\/monnempride.de\/en\/wp-json\/wp\/v2\/pages\/2569"}],"wp:attachment":[{"href":"https:\/\/monnempride.de\/en\/wp-json\/wp\/v2\/media?parent=2621"}],"curies":[{"name":"wp","href":"https:\/\/api.w.org\/{rel}","templated":true}]}}