{"id":2802,"date":"2025-05-21T13:49:06","date_gmt":"2025-05-21T12:49:06","guid":{"rendered":"https:\/\/monnempride.de\/?page_id=2802"},"modified":"2026-02-26T16:39:02","modified_gmt":"2026-02-26T15:39:02","slug":"pride-week","status":"publish","type":"page","link":"https:\/\/monnempride.de\/en\/pride\/pride-week\/","title":{"rendered":"Pride Week"},"content":{"rendered":"<div class=\"wp-block-cover alignfull\"><img loading=\"lazy\" decoding=\"async\" width=\"1024\" height=\"464\" class=\"wp-block-cover__image-background wp-image-2803 size-large\" alt=\"\" src=\"https:\/\/monnempride.de\/wp-content\/uploads\/2025\/05\/CSD-Auswahl-Foto-Alexander-Kaestel-22085409-1-scaled-1-1024x464.jpg\" data-object-fit=\"cover\" srcset=\"https:\/\/monnempride.de\/wp-content\/uploads\/2025\/05\/CSD-Auswahl-Foto-Alexander-Kaestel-22085409-1-scaled-1-1024x464.jpg 1024w, https:\/\/monnempride.de\/wp-content\/uploads\/2025\/05\/CSD-Auswahl-Foto-Alexander-Kaestel-22085409-1-scaled-1-300x136.jpg 300w, https:\/\/monnempride.de\/wp-content\/uploads\/2025\/05\/CSD-Auswahl-Foto-Alexander-Kaestel-22085409-1-scaled-1-768x348.jpg 768w, https:\/\/monnempride.de\/wp-content\/uploads\/2025\/05\/CSD-Auswahl-Foto-Alexander-Kaestel-22085409-1-scaled-1-1536x697.jpg 1536w, https:\/\/monnempride.de\/wp-content\/uploads\/2025\/05\/CSD-Auswahl-Foto-Alexander-Kaestel-22085409-1-scaled-1-2048x929.jpg 2048w, https:\/\/monnempride.de\/wp-content\/uploads\/2025\/05\/CSD-Auswahl-Foto-Alexander-Kaestel-22085409-1-scaled-1-18x8.jpg 18w\" sizes=\"auto, (max-width: 1024px) 100vw, 1024px\" \/><span aria-hidden=\"true\" class=\"wp-block-cover__background has-background-dim\" style=\"background-color:#7c6d65\"><\/span><div class=\"wp-block-cover__inner-container is-layout-constrained wp-block-cover-is-layout-constrained\">\n<h1 class=\"wp-block-heading has-text-align-center has-ast-global-color-5-color has-text-color has-link-color has-x-large-font-size wp-elements-5ae6544c73e6a045a349a73a0b6f2379\"><strong>Pride Week<\/strong><\/h1>\n<\/div><\/div>\n\n\n\n<div style=\"height:25px\" aria-hidden=\"true\" class=\"wp-block-spacer\"><\/div>\n\n\n\n<div class=\"wp-block-columns is-layout-flex wp-container-core-columns-is-layout-28f84493 wp-block-columns-is-layout-flex\">\n<div class=\"wp-block-column is-layout-flow wp-block-column-is-layout-flow\">\n<p>In der Woche vor der Demo feiern, informieren und vernetzen wir uns bei vielf\u00e4ltigen Veranstaltungen in ganz Mannheim. Ob Workshops, Lesungen oder Diskussionsrunden \u2013 hier ist f\u00fcr alle etwas dabei. Gemeinsam schaffen wir R\u00e4ume f\u00fcr queere Sichtbarkeit, Austausch und Empowerment.<\/p>\n\n\n\n<p>Das vollst\u00e4ndige Programm findet ihr bald hier \u2013 stay tuned!<\/p>\n\n\n\n<p><strong>M\u00f6chtet ihr eine Veranstaltung im Rahmen der Pride Week bekanntmachen?<\/strong><br><a href=\"https:\/\/monnempride.de\/en\/pride\/pride-week\/veranstaltung-bekanntmachen\/\">Dann schickt uns gern die Informationen \u00fcber die Veranstaltung hier.<\/a><\/p>\n<\/div>\n<\/div>\n\n\n\n<div class=\"wp-block-columns has-ast-global-color-4-color has-text-color has-background has-link-color wp-elements-4c77ebc6e7513deb6bef6b450d590d56 is-layout-flex wp-container-core-columns-is-layout-ff679dcb wp-block-columns-is-layout-flex\" style=\"background-color:#eebb2e;margin-top:0;margin-bottom:0;padding-top:var(--wp--preset--spacing--20);padding-bottom:var(--wp--preset--spacing--20)\">\n<div class=\"wp-block-column is-layout-flow wp-block-column-is-layout-flow\">\n<h2 class=\"wp-block-heading has-ast-global-color-5-color has-text-color has-link-color wp-elements-589a25ab49dffcc75b86fea14ad9a10d\">Veranstaltungen<\/h2>\n<\/div>\n<\/div>\n\n\n\n<div class=\"wp-block-columns is-layout-flex wp-container-core-columns-is-layout-28f84493 wp-block-columns-is-layout-flex\">\n<div class=\"wp-block-column is-layout-flow wp-block-column-is-layout-flow\">\n<div  class=\"tribe-compatibility-container\" >\n\t<div\n\t\t class=\"tribe-common tribe-events tribe-events-view tribe-events-view--widget-events-list tribe-events-widget\" \t\tdata-js=\"tribe-events-view\"\n\t\tdata-view-rest-url=\"https:\/\/monnempride.de\/en\/wp-json\/tribe\/views\/v2\/html\"\n\t\tdata-view-manage-url=\"1\"\n\t\t\t\t\t\t\tdata-view-breakpoint-pointer=\"17990fba-23da-4c22-a606-a8dea5d84669\"\n\t\t\t>\n\t\t<div class=\"tribe-events-widget-events-list\">\n\n\t\t\t\n\t\t\t<script data-js=\"tribe-events-view-data\" type=\"application\/json\">\n\t{\"slug\":\"widget-events-list\",\"prev_url\":\"\",\"next_url\":\"\",\"view_class\":\"Tribe\\\\Events\\\\Views\\\\V2\\\\Views\\\\Widgets\\\\Widget_List_View\",\"view_slug\":\"widget-events-list\",\"view_label\":\"View\",\"view\":null,\"should_manage_url\":true,\"id\":null,\"alias-slugs\":null,\"title\":\"Upcoming Featured Events \\u2013 Monnem Pride\",\"limit\":\"15\",\"no_upcoming_events\":false,\"featured_events_only\":true,\"jsonld_enable\":true,\"tribe_is_list_widget\":false,\"admin_fields\":{\"title\":{\"label\":\"Title:\",\"type\":\"text\",\"parent_classes\":\"\",\"classes\":\"\",\"dependency\":\"\",\"id\":\"widget-tribe-widget-events-list--1-title\",\"name\":\"widget-tribe-widget-events-list[-1][title]\",\"options\":[],\"placeholder\":\"\",\"value\":null},\"limit\":{\"label\":\"Show:\",\"type\":\"number\",\"default\":5,\"min\":1,\"max\":10,\"step\":1,\"parent_classes\":\"\",\"classes\":\"\",\"dependency\":\"\",\"id\":\"widget-tribe-widget-events-list--1-limit\",\"name\":\"widget-tribe-widget-events-list[-1][limit]\",\"options\":[],\"placeholder\":\"\",\"value\":null},\"no_upcoming_events\":{\"label\":\"Hide this widget if there are no upcoming events.\",\"type\":\"checkbox\",\"parent_classes\":\"\",\"classes\":\"\",\"dependency\":\"\",\"id\":\"widget-tribe-widget-events-list--1-no_upcoming_events\",\"name\":\"widget-tribe-widget-events-list[-1][no_upcoming_events]\",\"options\":[],\"placeholder\":\"\",\"value\":null},\"featured_events_only\":{\"label\":\"Limit to featured events only\",\"type\":\"checkbox\",\"parent_classes\":\"\",\"classes\":\"\",\"dependency\":\"\",\"id\":\"widget-tribe-widget-events-list--1-featured_events_only\",\"name\":\"widget-tribe-widget-events-list[-1][featured_events_only]\",\"options\":[],\"placeholder\":\"\",\"value\":null},\"jsonld_enable\":{\"label\":\"Generate JSON-LD data\",\"type\":\"checkbox\",\"parent_classes\":\"\",\"classes\":\"\",\"dependency\":\"\",\"id\":\"widget-tribe-widget-events-list--1-jsonld_enable\",\"name\":\"widget-tribe-widget-events-list[-1][jsonld_enable]\",\"options\":[],\"placeholder\":\"\",\"value\":null}},\"events\":[],\"url\":\"https:\\\/\\\/monnempride.de\\\/en\\\/?post_type=tribe_events&eventDisplay=widget-events-list&featured=1\",\"url_event_date\":false,\"bar\":{\"keyword\":\"\",\"date\":\"\"},\"today\":\"2026-04-25 00:00:00\",\"now\":\"2026-04-25 19:52:07\",\"home_url\":\"https:\\\/\\\/monnempride.de\\\/en\",\"rest_url\":\"https:\\\/\\\/monnempride.de\\\/en\\\/wp-json\\\/tribe\\\/views\\\/v2\\\/html\",\"rest_method\":\"GET\",\"rest_nonce\":\"\",\"today_url\":\"https:\\\/\\\/monnempride.de\\\/en\\\/?post_type=tribe_events&eventDisplay=widget-events-list&featured=1&rest_route=%2Fwp%2Fv2%2Fpages%2F2802\",\"today_title\":\"Click to select today's date\",\"today_label\":\"Today\",\"prev_label\":\"\",\"next_label\":\"\",\"date_formats\":{\"compact\":\"n\\\/j\\\/Y\",\"month_and_year_compact\":\"n\\\/Y\",\"month_and_year\":\"F Y\",\"time_range_separator\":\" - \",\"date_time_separator\":\" @ \"},\"messages\":{\"notice\":[\"There are no upcoming events.\"]},\"start_of_week\":\"1\",\"header_title\":\"Featured\",\"header_title_element\":\"h1\",\"content_title\":\"\",\"breadcrumbs\":[],\"backlink\":false,\"before_events\":\"\",\"after_events\":\"\\n<!--\\nThis calendar is powered by The Events Calendar.\\nhttp:\\\/\\\/evnt.is\\\/18wn\\n-->\\n\",\"display_events_bar\":false,\"disable_event_search\":true,\"live_refresh\":true,\"ical\":{\"display_link\":true,\"link\":{\"url\":\"https:\\\/\\\/monnempride.de\\\/en\\\/?post_type=tribe_events&#038;eventDisplay=widget-events-list&#038;featured=1&#038;ical=1\",\"text\":\"Export Events\",\"title\":\"Use this to share calendar data with Google Calendar, Apple iCal and other compatible apps\"}},\"container_classes\":[\"tribe-common\",\"tribe-events\",\"tribe-events-view\",\"tribe-events-view--widget-events-list\",\"tribe-events-widget\"],\"container_data\":[],\"is_past\":false,\"breakpoints\":{\"xsmall\":500,\"medium\":768,\"full\":960},\"breakpoint_pointer\":\"17990fba-23da-4c22-a606-a8dea5d84669\",\"is_initial_load\":false,\"public_views\":{\"list\":{\"view_class\":\"Tribe\\\\Events\\\\Views\\\\V2\\\\Views\\\\List_View\",\"view_url\":\"https:\\\/\\\/monnempride.de\\\/en\\\/veranstaltungen\\\/(\\\/?:list|liste)\\\/(\\\/?:featured|hervorgehoben)\\\/\",\"view_label\":\"List\",\"aria_label\":\"Display Events in List View\"},\"month\":{\"view_class\":\"Tribe\\\\Events\\\\Views\\\\V2\\\\Views\\\\Month_View\",\"view_url\":\"https:\\\/\\\/monnempride.de\\\/en\\\/veranstaltungen\\\/(\\\/?:month|monat)\\\/(\\\/?:featured|hervorgehoben)\\\/\",\"view_label\":\"Month\",\"aria_label\":\"Display Events in Month View\"},\"day\":{\"view_class\":\"Tribe\\\\Events\\\\Views\\\\V2\\\\Views\\\\Day_View\",\"view_url\":\"https:\\\/\\\/monnempride.de\\\/en\\\/veranstaltungen\\\/(\\\/?:today|heute)\\\/(\\\/?:featured|hervorgehoben)\\\/\",\"view_label\":\"Day\",\"aria_label\":\"Display Events in Day View\"}},\"show_latest_past\":false,\"past\":false,\"compatibility_classes\":[\"tribe-compatibility-container\"],\"view_more_text\":\"View Calendar\",\"view_more_title\":\"View more events.\",\"view_more_link\":\"https:\\\/\\\/monnempride.de\\\/en\\\/veranstaltungen\\\/\",\"widget_title\":\"\",\"hide_if_no_upcoming_events\":false,\"display\":[],\"subscribe_links\":{\"gcal\":{\"label\":\"Google Calendar\",\"single_label\":\"Add to Google Calendar\",\"visible\":true,\"block_slug\":\"hasGoogleCalendar\"},\"ical\":{\"label\":\"iCalendar\",\"single_label\":\"Add to iCalendar\",\"visible\":true,\"block_slug\":\"hasiCal\"},\"outlook-365\":{\"label\":\"Outlook 365\",\"single_label\":\"Outlook 365\",\"visible\":true,\"block_slug\":\"hasOutlook365\"},\"outlook-live\":{\"label\":\"Outlook Live\",\"single_label\":\"Outlook Live\",\"visible\":true,\"block_slug\":\"hasOutlookLive\"},\"ics\":{\"label\":\"Export .ics file\",\"single_label\":\"Export .ics file\",\"visible\":true,\"block_slug\":null},\"outlook-ics\":{\"label\":\"Export Outlook .ics file\",\"single_label\":\"Export Outlook .ics file\",\"visible\":true,\"block_slug\":null}},\"_context\":{\"slug\":\"widget-events-list\"}}<\/script>\n\n\t\t\t\n\t\t\t\n\t\t\t\t<div  class=\"tribe-events-header__messages tribe-events-c-messages tribe-common-b2\"  >\n\t\t\t<div class=\"tribe-events-c-messages__message tribe-events-c-messages__message--notice\" tabindex=\"0\" role=\"alert\" aria-live=\"assertive\">\n\t\t\t<svg\n\t class=\"tribe-common-c-svgicon tribe-common-c-svgicon--messages-not-found tribe-events-c-messages__message-icon-svg\" \taria-hidden=\"true\"\n\tviewbox=\"0 0 21 23\"\n\txmlns=\"http:\/\/www.w3.org\/2000\/svg\"\n>\n\t<g fill-rule=\"evenodd\">\n\t\t<path d=\"M.5 2.5h20v20H.5z\"\/>\n\t\t<path stroke-linecap=\"round\" d=\"M7.583 11.583l5.834 5.834m0-5.834l-5.834 5.834\" class=\"tribe-common-c-svgicon__svg-stroke\"\/>\n\t\t<path stroke-linecap=\"round\" d=\"M4.5.5v4m12-4v4\"\/>\n\t\t<path stroke-linecap=\"square\" d=\"M.5 7.5h20\"\/>\n\t<\/g>\n<\/svg>\n<span class=\"tribe-common-a11y-visual-hide\">\n\tNotice<\/span>\n\t\t\t\t\t\t\t<div\n\t\t\t\t\t data-key=\"0\" >\n\t\t\t\t\tThere are no upcoming events.\t\t\t\t<\/div>\n\t\t\t\t\t<\/div>\n\t<\/div>\n\n\t\t\t\t\t<\/div>\n\t<\/div>\n<\/div>\n<script data-js='tribe-events-view-nonce-data' type='application\/json'>{\"tvn1\":\"b8c3382431\",\"tvn2\":\"\"}<\/script>\n<\/div>\n<\/div>\n\n\n\n<div style=\"height:25px\" aria-hidden=\"true\" class=\"wp-block-spacer\"><\/div>","protected":false},"excerpt":{"rendered":"<p>In der Woche vor der Demo feiern, informieren und vernetzen wir uns bei vielf\u00e4ltigen Veranstaltungen in ganz Mannheim. Ob Workshops, Lesungen oder Diskussionsrunden \u2013 hier ist f\u00fcr alle etwas dabei. [&hellip;]<\/p>","protected":false},"author":2,"featured_media":0,"parent":2175,"menu_order":0,"comment_status":"closed","ping_status":"closed","template":"","meta":{"_eb_attr":"","site-sidebar-layout":"default","site-content-layout":"","ast-site-content-layout":"","site-content-style":"default","site-sidebar-style":"default","ast-global-header-display":"","ast-banner-title-visibility":"","ast-main-header-display":"","ast-hfb-above-header-display":"","ast-hfb-below-header-display":"","ast-hfb-mobile-header-display":"","site-post-title":"disabled","ast-breadcrumbs-content":"","ast-featured-img":"","footer-sml-layout":"","theme-transparent-header-meta":"","adv-header-id-meta":"","stick-header-meta":"","header-above-stick-meta":"","header-main-stick-meta":"","header-below-stick-meta":"","astra-migrate-meta-layouts":"default","ast-page-background-enabled":"default","ast-page-background-meta":{"desktop":{"background-color":"var(--ast-global-color-4)","background-image":"","background-repeat":"repeat","background-position":"center center","background-size":"auto","background-attachment":"scroll","background-type":"","background-media":"","overlay-type":"","overlay-color":"","overlay-opacity":"","overlay-gradient":""},"tablet":{"background-color":"","background-image":"","background-repeat":"repeat","background-position":"center center","background-size":"auto","background-attachment":"scroll","background-type":"","background-media":"","overlay-type":"","overlay-color":"","overlay-opacity":"","overlay-gradient":""},"mobile":{"background-color":"","background-image":"","background-repeat":"repeat","background-position":"center center","background-size":"auto","background-attachment":"scroll","background-type":"","background-media":"","overlay-type":"","overlay-color":"","overlay-opacity":"","overlay-gradient":""}},"ast-content-background-meta":{"desktop":{"background-color":"var(--ast-global-color-5)","background-image":"","background-repeat":"repeat","background-position":"center center","background-size":"auto","background-attachment":"scroll","background-type":"","background-media":"","overlay-type":"","overlay-color":"","overlay-opacity":"","overlay-gradient":""},"tablet":{"background-color":"var(--ast-global-color-5)","background-image":"","background-repeat":"repeat","background-position":"center center","background-size":"auto","background-attachment":"scroll","background-type":"","background-media":"","overlay-type":"","overlay-color":"","overlay-opacity":"","overlay-gradient":""},"mobile":{"background-color":"var(--ast-global-color-5)","background-image":"","background-repeat":"repeat","background-position":"center center","background-size":"auto","background-attachment":"scroll","background-type":"","background-media":"","overlay-type":"","overlay-color":"","overlay-opacity":"","overlay-gradient":""}},"footnotes":""},"class_list":["post-2802","page","type-page","status-publish","hentry"],"yoast_head":"<!-- This site is optimized with the Yoast SEO plugin v27.4 - https:\/\/yoast.com\/product\/yoast-seo-wordpress\/ -->\n<title>Pride Week &#8211; Monnem Pride<\/title>\n<meta name=\"robots\" content=\"index, follow, max-snippet:-1, max-image-preview:large, max-video-preview:-1\" \/>\n<link rel=\"canonical\" href=\"https:\/\/monnempride.de\/en\/pride\/pride-week\/\" \/>\n<meta property=\"og:locale\" content=\"en_US\" \/>\n<meta property=\"og:type\" content=\"article\" \/>\n<meta property=\"og:title\" content=\"Pride Week &#8211; Monnem Pride\" \/>\n<meta property=\"og:description\" content=\"In der Woche vor der Demo feiern, informieren und vernetzen wir uns bei vielf\u00e4ltigen Veranstaltungen in ganz Mannheim. Ob Workshops, Lesungen oder Diskussionsrunden \u2013 hier ist f\u00fcr alle etwas dabei. [&hellip;]\" \/>\n<meta property=\"og:url\" content=\"https:\/\/monnempride.de\/en\/pride\/pride-week\/\" \/>\n<meta property=\"og:site_name\" content=\"Monnem Pride\" \/>\n<meta property=\"article:modified_time\" content=\"2026-02-26T15:39:02+00:00\" \/>\n<meta property=\"og:image\" content=\"https:\/\/monnempride.de\/wp-content\/uploads\/2025\/05\/CSD-Auswahl-Foto-Alexander-Kaestel-22085409-1-scaled-1.jpg\" \/>\n\t<meta property=\"og:image:width\" content=\"2560\" \/>\n\t<meta property=\"og:image:height\" content=\"1161\" \/>\n\t<meta property=\"og:image:type\" content=\"image\/jpeg\" \/>\n<meta name=\"twitter:card\" content=\"summary_large_image\" \/>\n<meta name=\"twitter:label1\" content=\"Est. reading time\" \/>\n\t<meta name=\"twitter:data1\" content=\"1 minute\" \/>\n<script type=\"application\/ld+json\" class=\"yoast-schema-graph\">{\"@context\":\"https:\\\/\\\/schema.org\",\"@graph\":[{\"@type\":\"WebPage\",\"@id\":\"https:\\\/\\\/monnempride.de\\\/pride\\\/pride-week\\\/\",\"url\":\"https:\\\/\\\/monnempride.de\\\/pride\\\/pride-week\\\/\",\"name\":\"Pride Week &#8211; Monnem Pride\",\"isPartOf\":{\"@id\":\"https:\\\/\\\/monnempride.de\\\/#website\"},\"primaryImageOfPage\":{\"@id\":\"https:\\\/\\\/monnempride.de\\\/pride\\\/pride-week\\\/#primaryimage\"},\"image\":{\"@id\":\"https:\\\/\\\/monnempride.de\\\/pride\\\/pride-week\\\/#primaryimage\"},\"thumbnailUrl\":\"https:\\\/\\\/monnempride.de\\\/wp-content\\\/uploads\\\/2025\\\/05\\\/CSD-Auswahl-Foto-Alexander-Kaestel-22085409-1-scaled-1-1024x464.jpg\",\"datePublished\":\"2025-05-21T12:49:06+00:00\",\"dateModified\":\"2026-02-26T15:39:02+00:00\",\"breadcrumb\":{\"@id\":\"https:\\\/\\\/monnempride.de\\\/pride\\\/pride-week\\\/#breadcrumb\"},\"inLanguage\":\"en-US\",\"potentialAction\":[{\"@type\":\"ReadAction\",\"target\":[\"https:\\\/\\\/monnempride.de\\\/pride\\\/pride-week\\\/\"]}]},{\"@type\":\"ImageObject\",\"inLanguage\":\"en-US\",\"@id\":\"https:\\\/\\\/monnempride.de\\\/pride\\\/pride-week\\\/#primaryimage\",\"url\":\"https:\\\/\\\/monnempride.de\\\/wp-content\\\/uploads\\\/2025\\\/05\\\/CSD-Auswahl-Foto-Alexander-Kaestel-22085409-1-scaled-1-1024x464.jpg\",\"contentUrl\":\"https:\\\/\\\/monnempride.de\\\/wp-content\\\/uploads\\\/2025\\\/05\\\/CSD-Auswahl-Foto-Alexander-Kaestel-22085409-1-scaled-1-1024x464.jpg\"},{\"@type\":\"BreadcrumbList\",\"@id\":\"https:\\\/\\\/monnempride.de\\\/pride\\\/pride-week\\\/#breadcrumb\",\"itemListElement\":[{\"@type\":\"ListItem\",\"position\":1,\"name\":\"Startseite\",\"item\":\"https:\\\/\\\/monnempride.de\\\/\"},{\"@type\":\"ListItem\",\"position\":2,\"name\":\"Pride\",\"item\":\"https:\\\/\\\/monnempride.de\\\/\"},{\"@type\":\"ListItem\",\"position\":3,\"name\":\"Pride Week\"}]},{\"@type\":\"WebSite\",\"@id\":\"https:\\\/\\\/monnempride.de\\\/#website\",\"url\":\"https:\\\/\\\/monnempride.de\\\/\",\"name\":\"Monnem Pride\",\"description\":\"zusammen eins \u2013 intersektional. antifaschistisch. queer.\",\"publisher\":{\"@id\":\"https:\\\/\\\/monnempride.de\\\/#organization\"},\"potentialAction\":[{\"@type\":\"SearchAction\",\"target\":{\"@type\":\"EntryPoint\",\"urlTemplate\":\"https:\\\/\\\/monnempride.de\\\/?s={search_term_string}\"},\"query-input\":{\"@type\":\"PropertyValueSpecification\",\"valueRequired\":true,\"valueName\":\"search_term_string\"}}],\"inLanguage\":\"en-US\"},{\"@type\":\"Organization\",\"@id\":\"https:\\\/\\\/monnempride.de\\\/#organization\",\"name\":\"Monnem Pride\",\"url\":\"https:\\\/\\\/monnempride.de\\\/\",\"logo\":{\"@type\":\"ImageObject\",\"inLanguage\":\"en-US\",\"@id\":\"https:\\\/\\\/monnempride.de\\\/#\\\/schema\\\/logo\\\/image\\\/\",\"url\":\"http:\\\/\\\/monnempride.de\\\/wp-content\\\/uploads\\\/2024\\\/01\\\/cropped-Element-1Logo-1.png\",\"contentUrl\":\"http:\\\/\\\/monnempride.de\\\/wp-content\\\/uploads\\\/2024\\\/01\\\/cropped-Element-1Logo-1.png\",\"width\":200,\"height\":114,\"caption\":\"Monnem Pride\"},\"image\":{\"@id\":\"https:\\\/\\\/monnempride.de\\\/#\\\/schema\\\/logo\\\/image\\\/\"}}]}<\/script>\n<!-- \/ Yoast SEO plugin. -->","yoast_head_json":{"title":"Pride Week &#8211; Monnem Pride","robots":{"index":"index","follow":"follow","max-snippet":"max-snippet:-1","max-image-preview":"max-image-preview:large","max-video-preview":"max-video-preview:-1"},"canonical":"https:\/\/monnempride.de\/en\/pride\/pride-week\/","og_locale":"en_US","og_type":"article","og_title":"Pride Week &#8211; Monnem Pride","og_description":"In der Woche vor der Demo feiern, informieren und vernetzen wir uns bei vielf\u00e4ltigen Veranstaltungen in ganz Mannheim. Ob Workshops, Lesungen oder Diskussionsrunden \u2013 hier ist f\u00fcr alle etwas dabei. [&hellip;]","og_url":"https:\/\/monnempride.de\/en\/pride\/pride-week\/","og_site_name":"Monnem Pride","article_modified_time":"2026-02-26T15:39:02+00:00","og_image":[{"width":2560,"height":1161,"url":"https:\/\/monnempride.de\/wp-content\/uploads\/2025\/05\/CSD-Auswahl-Foto-Alexander-Kaestel-22085409-1-scaled-1.jpg","type":"image\/jpeg"}],"twitter_card":"summary_large_image","twitter_misc":{"Est. reading time":"1 minute"},"schema":{"@context":"https:\/\/schema.org","@graph":[{"@type":"WebPage","@id":"https:\/\/monnempride.de\/pride\/pride-week\/","url":"https:\/\/monnempride.de\/pride\/pride-week\/","name":"Pride Week &#8211; Monnem Pride","isPartOf":{"@id":"https:\/\/monnempride.de\/#website"},"primaryImageOfPage":{"@id":"https:\/\/monnempride.de\/pride\/pride-week\/#primaryimage"},"image":{"@id":"https:\/\/monnempride.de\/pride\/pride-week\/#primaryimage"},"thumbnailUrl":"https:\/\/monnempride.de\/wp-content\/uploads\/2025\/05\/CSD-Auswahl-Foto-Alexander-Kaestel-22085409-1-scaled-1-1024x464.jpg","datePublished":"2025-05-21T12:49:06+00:00","dateModified":"2026-02-26T15:39:02+00:00","breadcrumb":{"@id":"https:\/\/monnempride.de\/pride\/pride-week\/#breadcrumb"},"inLanguage":"en-US","potentialAction":[{"@type":"ReadAction","target":["https:\/\/monnempride.de\/pride\/pride-week\/"]}]},{"@type":"ImageObject","inLanguage":"en-US","@id":"https:\/\/monnempride.de\/pride\/pride-week\/#primaryimage","url":"https:\/\/monnempride.de\/wp-content\/uploads\/2025\/05\/CSD-Auswahl-Foto-Alexander-Kaestel-22085409-1-scaled-1-1024x464.jpg","contentUrl":"https:\/\/monnempride.de\/wp-content\/uploads\/2025\/05\/CSD-Auswahl-Foto-Alexander-Kaestel-22085409-1-scaled-1-1024x464.jpg"},{"@type":"BreadcrumbList","@id":"https:\/\/monnempride.de\/pride\/pride-week\/#breadcrumb","itemListElement":[{"@type":"ListItem","position":1,"name":"Startseite","item":"https:\/\/monnempride.de\/"},{"@type":"ListItem","position":2,"name":"Pride","item":"https:\/\/monnempride.de\/"},{"@type":"ListItem","position":3,"name":"Pride Week"}]},{"@type":"WebSite","@id":"https:\/\/monnempride.de\/#website","url":"https:\/\/monnempride.de\/","name":"Monnem Pride","description":"zusammen eins \u2013 intersektional. antifaschistisch. queer.","publisher":{"@id":"https:\/\/monnempride.de\/#organization"},"potentialAction":[{"@type":"SearchAction","target":{"@type":"EntryPoint","urlTemplate":"https:\/\/monnempride.de\/?s={search_term_string}"},"query-input":{"@type":"PropertyValueSpecification","valueRequired":true,"valueName":"search_term_string"}}],"inLanguage":"en-US"},{"@type":"Organization","@id":"https:\/\/monnempride.de\/#organization","name":"Monnem Pride","url":"https:\/\/monnempride.de\/","logo":{"@type":"ImageObject","inLanguage":"en-US","@id":"https:\/\/monnempride.de\/#\/schema\/logo\/image\/","url":"http:\/\/monnempride.de\/wp-content\/uploads\/2024\/01\/cropped-Element-1Logo-1.png","contentUrl":"http:\/\/monnempride.de\/wp-content\/uploads\/2024\/01\/cropped-Element-1Logo-1.png","width":200,"height":114,"caption":"Monnem Pride"},"image":{"@id":"https:\/\/monnempride.de\/#\/schema\/logo\/image\/"}}]}},"_links":{"self":[{"href":"https:\/\/monnempride.de\/en\/wp-json\/wp\/v2\/pages\/2802","targetHints":{"allow":["GET"]}}],"collection":[{"href":"https:\/\/monnempride.de\/en\/wp-json\/wp\/v2\/pages"}],"about":[{"href":"https:\/\/monnempride.de\/en\/wp-json\/wp\/v2\/types\/page"}],"author":[{"embeddable":true,"href":"https:\/\/monnempride.de\/en\/wp-json\/wp\/v2\/users\/2"}],"replies":[{"embeddable":true,"href":"https:\/\/monnempride.de\/en\/wp-json\/wp\/v2\/comments?post=2802"}],"version-history":[{"count":7,"href":"https:\/\/monnempride.de\/en\/wp-json\/wp\/v2\/pages\/2802\/revisions"}],"predecessor-version":[{"id":3594,"href":"https:\/\/monnempride.de\/en\/wp-json\/wp\/v2\/pages\/2802\/revisions\/3594"}],"up":[{"embeddable":true,"href":"https:\/\/monnempride.de\/en\/wp-json\/wp\/v2\/pages\/2175"}],"wp:attachment":[{"href":"https:\/\/monnempride.de\/en\/wp-json\/wp\/v2\/media?parent=2802"}],"curies":[{"name":"wp","href":"https:\/\/api.w.org\/{rel}","templated":true}]}}