{"id":3040,"date":"2025-06-04T13:44:41","date_gmt":"2025-06-04T12:44:41","guid":{"rendered":"https:\/\/monnempride.de\/?page_id=3040"},"modified":"2025-07-02T19:09:54","modified_gmt":"2025-07-02T18:09:54","slug":"du-bist-nicht-allein","status":"publish","type":"page","link":"https:\/\/monnempride.de\/en\/zeigt-sie-an\/du-bist-nicht-allein\/","title":{"rendered":"You Are Not Alone"},"content":{"rendered":"<div class=\"wp-block-cover alignfull\"><img loading=\"lazy\" decoding=\"async\" width=\"1919\" height=\"1280\" class=\"wp-block-cover__image-background wp-image-1732\" alt=\"\" src=\"https:\/\/monnempride.de\/wp-content\/uploads\/2024\/07\/Monnem-Pride-2024-Demo-Fotos-Alexander-Kaestel-Mannheim-4070369.jpg\" data-object-fit=\"cover\" srcset=\"https:\/\/monnempride.de\/wp-content\/uploads\/2024\/07\/Monnem-Pride-2024-Demo-Fotos-Alexander-Kaestel-Mannheim-4070369.jpg 1919w, https:\/\/monnempride.de\/wp-content\/uploads\/2024\/07\/Monnem-Pride-2024-Demo-Fotos-Alexander-Kaestel-Mannheim-4070369-300x200.jpg 300w, https:\/\/monnempride.de\/wp-content\/uploads\/2024\/07\/Monnem-Pride-2024-Demo-Fotos-Alexander-Kaestel-Mannheim-4070369-1024x683.jpg 1024w, https:\/\/monnempride.de\/wp-content\/uploads\/2024\/07\/Monnem-Pride-2024-Demo-Fotos-Alexander-Kaestel-Mannheim-4070369-768x512.jpg 768w, https:\/\/monnempride.de\/wp-content\/uploads\/2024\/07\/Monnem-Pride-2024-Demo-Fotos-Alexander-Kaestel-Mannheim-4070369-1536x1025.jpg 1536w\" sizes=\"auto, (max-width: 1919px) 100vw, 1919px\" \/><span aria-hidden=\"true\" class=\"wp-block-cover__background has-background-dim\" style=\"background-color:#88723f\"><\/span><div class=\"wp-block-cover__inner-container is-layout-flow wp-block-cover-is-layout-flow\">\n<h1 class=\"wp-block-heading has-text-align-center has-ast-global-color-5-color has-text-color has-link-color has-x-large-font-size wp-elements-ef5f08963d088076593fc6e2de67a765\"><strong>You Are Not Alone<\/strong><\/h1>\n<\/div><\/div>\n\n\n\n<div class=\"wp-block-columns is-layout-flex wp-container-core-columns-is-layout-28f84493 wp-block-columns-is-layout-flex\">\n<div class=\"wp-block-column is-layout-flow wp-block-column-is-layout-flow\">\n<p>Even though we do everything we can to make sure everyone feels safe and welcome at Monnem Pride, unfortunately, discriminatory or boundary-crossing experiences can still happen. This page is here to help you find support \u2013 whether you want to talk, take legal action, or need concrete assistance.<\/p>\n\n\n\n<p>If you\u2019ve experienced something that\u2019s weighing on you \u2013 you are not alone. Here you\u2019ll find contact points that can support you: psychosocially, medically, legally, or with practical help.<\/p>\n<\/div>\n<\/div>\n\n\n\n<div class=\"wp-block-columns has-ast-global-color-4-color has-luminous-vivid-amber-background-color has-text-color has-background has-link-color wp-elements-fb3e09664bdf0e4ecc5fc512d3b8221f is-layout-flex wp-container-core-columns-is-layout-ff679dcb wp-block-columns-is-layout-flex\" style=\"margin-top:0;margin-bottom:0;padding-top:var(--wp--preset--spacing--20);padding-bottom:var(--wp--preset--spacing--20)\">\n<div class=\"wp-block-column is-layout-flow wp-block-column-is-layout-flow\">\n<h2 class=\"wp-block-heading has-ast-global-color-5-color has-text-color has-link-color wp-elements-85a6add0f87e7e6351d6680b6a6318c1\"><strong>Services offered by the City of Mannheim<\/strong><\/h2>\n<\/div>\n<\/div>\n\n\n\n<div class=\"wp-block-columns is-layout-flex wp-container-core-columns-is-layout-28f84493 wp-block-columns-is-layout-flex\">\n<div class=\"wp-block-column is-layout-flow wp-block-column-is-layout-flow\">\n<ul class=\"wp-block-list\">\n<li><strong><a class=\"\" href=\"https:\/\/www.mannheim.de\/de\/service-bieten\/lsbti\/sicherheit-queerer-menschen\">Safety for queer people<\/a><\/strong><\/li>\n\n\n\n<li><strong><a class=\"\" href=\"https:\/\/www.mannheim.de\/de\/service-bieten\/frauen-gleichstellung\/hilfen-bei-gewalt-an-frauen-und-maedchen\">Support for women and girls affected by violence<\/a><\/strong><\/li>\n\n\n\n<li><strong><a class=\"\" href=\"https:\/\/www.mannheim.de\/de\/service-bieten\/frauen-gleichstellung\/frauennachttaxi\">Frauennachttaxi - Women\u2019s night taxi<\/a><\/strong> Transport service for women from 10 PM to 6 AM; also valid for trans women with a dgti supplementary ID<\/li>\n\n\n\n<li><strong><a class=\"\" href=\"https:\/\/www.mannheim.de\/de\/service-bieten\/menschen-mit-behinderung\/angebote-fuer-menschen-mit-behinderung\">Services for people with disabilities<\/a><\/strong><\/li>\n<\/ul>\n<\/div>\n<\/div>\n\n\n\n<div class=\"wp-block-columns has-ast-global-color-4-color has-luminous-vivid-amber-background-color has-text-color has-background has-link-color wp-elements-44324c172f4ca4010f55e8920fe64328 is-layout-flex wp-container-core-columns-is-layout-ff679dcb wp-block-columns-is-layout-flex\" style=\"margin-top:0;margin-bottom:0;padding-top:var(--wp--preset--spacing--20);padding-bottom:var(--wp--preset--spacing--20)\">\n<div class=\"wp-block-column is-layout-flow wp-block-column-is-layout-flow\">\n<h2 class=\"wp-block-heading has-ast-global-color-5-color has-text-color has-link-color wp-elements-903ce177b4dc6aaf4349c3b26745e8e6\"><strong>Psychosocial Counseling &amp; Self-Help<\/strong><\/h2>\n<\/div>\n<\/div>\n\n\n\n<div class=\"wp-block-columns is-layout-flex wp-container-core-columns-is-layout-28f84493 wp-block-columns-is-layout-flex\">\n<div class=\"wp-block-column is-layout-flow wp-block-column-is-layout-flow\">\n<ul class=\"wp-block-list\">\n<li><strong><a class=\"\" href=\"https:\/\/www.plus-rheinneckar.de\/\">PLUS Rhein-Neckar<\/a><\/strong> Psychosocial counseling &amp; peer exchange for queer people<\/li>\n\n\n\n<li><strong><a class=\"\" href=\"https:\/\/www.gesundheitstreffpunkt-mannheim.de\/\">Gesundheitstreffpunkt Mannheim<\/a><\/strong> Center for self-help and patient counseling<\/li>\n\n\n\n<li><strong><a class=\"\" href=\"https:\/\/www.beratung-lsbttiq.net\/\">LSBTTIQ BW<\/a><\/strong> Counseling, self-help groups, and trainings in Baden-W\u00fcrttemberg<\/li>\n\n\n\n<li><strong><a class=\"\" href=\"https:\/\/www.leuchtlinie.de\/\">Leuchtlinie<\/a><\/strong> Counseling for people affected by right-wing, racist, or antisemitic violence<\/li>\n\n\n\n<li><strong><a class=\"\" href=\"https:\/\/www.hilfe-info.de\/Webs\/hilfeinfo\/DE\/Home\/home_node.html\">Hilfe-Info.de<\/a><\/strong> Overview of support for victims of crime<\/li>\n<\/ul>\n<\/div>\n<\/div>\n\n\n\n<div class=\"wp-block-columns has-ast-global-color-4-color has-luminous-vivid-amber-background-color has-text-color has-background has-link-color wp-elements-2b896137a6422564e40d08385de44b80 is-layout-flex wp-container-core-columns-is-layout-ff679dcb wp-block-columns-is-layout-flex\" style=\"margin-top:0;margin-bottom:0;padding-top:var(--wp--preset--spacing--20);padding-bottom:var(--wp--preset--spacing--20)\">\n<div class=\"wp-block-column is-layout-flow wp-block-column-is-layout-flow\">\n<h2 class=\"wp-block-heading has-ast-global-color-5-color has-text-color has-link-color wp-elements-b30df2d88f2ae78dc9a6e23fa0fc819f\"><strong>Medical Support &amp; Evidence Preservation<\/strong><\/h2>\n<\/div>\n<\/div>\n\n\n\n<div class=\"wp-block-columns is-layout-flex wp-container-core-columns-is-layout-28f84493 wp-block-columns-is-layout-flex\">\n<div class=\"wp-block-column is-layout-flow wp-block-column-is-layout-flow\">\n<ul class=\"wp-block-list\">\n<li><strong><a class=\"\" href=\"https:\/\/www.klinikum.uni-heidelberg.de\/rechts-und-verkehrsmedizin\/leistungsspektrum\/medizin\/gewaltambulanz\/gewaltambulanz-heidelberg\">Gewaltambulanz Heidelberg<\/a><\/strong> Free documentation of injuries &amp; evidence preservation<\/li>\n\n\n\n<li><strong><a class=\"\" href=\"https:\/\/www.kosima-mannheim.de\/\">KOSI.MA Mannheim<\/a><\/strong> Center for sexual health offering counseling &amp; testing<\/li>\n<\/ul>\n<\/div>\n<\/div>\n\n\n\n<div class=\"wp-block-columns has-ast-global-color-4-color has-luminous-vivid-amber-background-color has-text-color has-background has-link-color wp-elements-a5f0f3a2025949f9887c6888e74fca80 is-layout-flex wp-container-core-columns-is-layout-ff679dcb wp-block-columns-is-layout-flex\" style=\"margin-top:0;margin-bottom:0;padding-top:var(--wp--preset--spacing--20);padding-bottom:var(--wp--preset--spacing--20)\">\n<div class=\"wp-block-column is-layout-flow wp-block-column-is-layout-flow\">\n<h2 class=\"wp-block-heading has-ast-global-color-5-color has-text-color has-link-color wp-elements-3d7f02f7083d88eb8199c370b06a34b3\"><strong>Legal Support &amp; Reporting<\/strong><\/h2>\n<\/div>\n<\/div>\n\n\n\n<div class=\"wp-block-columns is-layout-flex wp-container-core-columns-is-layout-28f84493 wp-block-columns-is-layout-flex\">\n<div class=\"wp-block-column is-layout-flow wp-block-column-is-layout-flow\">\n<ul class=\"wp-block-list\">\n<li><strong><a class=\"\" href=\"https:\/\/portal.onlinewache.polizei.de\/de\/\">Onlinewache Polizei<\/a><\/strong> File a police report online (not for emergencies!)<\/li>\n\n\n\n<li><strong><a class=\"\" href=\"https:\/\/www.polizei-beratung.de\/infos-fuer-betroffene\/rechte\/recht-auf-schutz\/\">Polizeiliche Rechte<\/a><\/strong> Information about your rights as an affected person<\/li>\n\n\n\n<li><strong><a class=\"\" href=\"https:\/\/www.frauennotruf-mainz.de\/frauennotrufe-in-rheinland-pfalz\">Frauennotrufe RLP<\/a><\/strong> Counseling for survivors of sexualized violence<\/li>\n\n\n\n<li><strong><a class=\"\" href=\"https:\/\/www.probono-mannheim.de\/kostenlose-rechtsberatung\/\">pro bono Mannheim<\/a><\/strong> Free legal advice from law students in civil &amp; migration law<\/li>\n\n\n\n<li><a href=\"https:\/\/www.feministlawclinic.de\/\"><strong>Feminist Law Clinic<\/strong><\/a> Free feminist legal counseling by volunteers in areas like sexualized violence, AGG, and family law<\/li>\n\n\n\n<li><strong><a class=\"\" href=\"https:\/\/adb-mannheim.de\/\">ADB Mannheim<\/a><\/strong> Anti-discrimination counseling<\/li>\n<\/ul>\n<\/div>\n<\/div>\n\n\n\n<div class=\"wp-block-columns has-ast-global-color-4-color has-luminous-vivid-amber-background-color has-text-color has-background has-link-color wp-elements-2bcab676090d3cac8ae9393de2e7afc4 is-layout-flex wp-container-core-columns-is-layout-ff679dcb wp-block-columns-is-layout-flex\" style=\"margin-top:0;margin-bottom:0;padding-top:var(--wp--preset--spacing--20);padding-bottom:var(--wp--preset--spacing--20)\">\n<div class=\"wp-block-column is-layout-flow wp-block-column-is-layout-flow\">\n<h2 class=\"wp-block-heading has-ast-global-color-5-color has-text-color has-link-color wp-elements-18eb48b074f0c542fa12b4228157ea46\"><strong>Spaces &amp; Community<\/strong><\/h2>\n<\/div>\n<\/div>\n\n\n\n<div class=\"wp-block-columns is-layout-flex wp-container-core-columns-is-layout-28f84493 wp-block-columns-is-layout-flex\">\n<div class=\"wp-block-column is-layout-flow wp-block-column-is-layout-flow\">\n<ul class=\"wp-block-list\">\n<li><strong><a class=\"\" href=\"https:\/\/qzm-rn.de\/\">QZM Rhein-Neckar<\/a><\/strong> Accessible and inclusive community space for queer people<\/li>\n\n\n\n<li><strong><a class=\"\" href=\"https:\/\/jugend.plus-mannheim.de\/gut-so\">Gut so! Jugendtreff<\/a><\/strong> Meetup space for queer youth (ages 14\u201327)<\/li>\n\n\n\n<li><strong><a class=\"\" href=\"https:\/\/100mensch.de\/\">100% Mensch<\/a><\/strong> Educational program for queer people and professionals (Stuttgart)<\/li>\n<\/ul>\n<\/div>\n<\/div>\n\n\n\n<div style=\"height:25px\" aria-hidden=\"true\" class=\"wp-block-spacer\"><\/div>\n\n\n\n<div class=\"wp-block-columns is-layout-flex wp-container-core-columns-is-layout-28f84493 wp-block-columns-is-layout-flex\">\n<div class=\"wp-block-column is-layout-flow wp-block-column-is-layout-flow\">\n<p>All links and resources were accessed on May 18, 2025.<\/p>\n\n\n\n<p>If you know of other support services that shouldn\u2019t be missing here, feel free to write us at <a>socialmedia@monnempride.de<\/a>.<\/p>\n<\/div>\n<\/div>\n\n\n\n<p><\/p>","protected":false},"excerpt":{"rendered":"<p>Auch wenn wir alles daf\u00fcr tun, dass sich alle auf dem Monnem Pride sicher und willkommen f\u00fchlen, kann es leider zu diskriminierenden oder grenz\u00fcberschreitenden Erlebnissen kommen. Diese Seite soll dir [&hellip;]<\/p>","protected":false},"author":2,"featured_media":0,"parent":2859,"menu_order":0,"comment_status":"closed","ping_status":"closed","template":"","meta":{"_eb_attr":"","site-sidebar-layout":"default","site-content-layout":"","ast-site-content-layout":"","site-content-style":"default","site-sidebar-style":"default","ast-global-header-display":"","ast-banner-title-visibility":"","ast-main-header-display":"","ast-hfb-above-header-display":"","ast-hfb-below-header-display":"","ast-hfb-mobile-header-display":"","site-post-title":"disabled","ast-breadcrumbs-content":"","ast-featured-img":"","footer-sml-layout":"","theme-transparent-header-meta":"","adv-header-id-meta":"","stick-header-meta":"","header-above-stick-meta":"","header-main-stick-meta":"","header-below-stick-meta":"","astra-migrate-meta-layouts":"default","ast-page-background-enabled":"default","ast-page-background-meta":{"desktop":{"background-color":"var(--ast-global-color-4)","background-image":"","background-repeat":"repeat","background-position":"center center","background-size":"auto","background-attachment":"scroll","background-type":"","background-media":"","overlay-type":"","overlay-color":"","overlay-opacity":"","overlay-gradient":""},"tablet":{"background-color":"","background-image":"","background-repeat":"repeat","background-position":"center center","background-size":"auto","background-attachment":"scroll","background-type":"","background-media":"","overlay-type":"","overlay-color":"","overlay-opacity":"","overlay-gradient":""},"mobile":{"background-color":"","background-image":"","background-repeat":"repeat","background-position":"center center","background-size":"auto","background-attachment":"scroll","background-type":"","background-media":"","overlay-type":"","overlay-color":"","overlay-opacity":"","overlay-gradient":""}},"ast-content-background-meta":{"desktop":{"background-color":"var(--ast-global-color-5)","background-image":"","background-repeat":"repeat","background-position":"center center","background-size":"auto","background-attachment":"scroll","background-type":"","background-media":"","overlay-type":"","overlay-color":"","overlay-opacity":"","overlay-gradient":""},"tablet":{"background-color":"var(--ast-global-color-5)","background-image":"","background-repeat":"repeat","background-position":"center center","background-size":"auto","background-attachment":"scroll","background-type":"","background-media":"","overlay-type":"","overlay-color":"","overlay-opacity":"","overlay-gradient":""},"mobile":{"background-color":"var(--ast-global-color-5)","background-image":"","background-repeat":"repeat","background-position":"center center","background-size":"auto","background-attachment":"scroll","background-type":"","background-media":"","overlay-type":"","overlay-color":"","overlay-opacity":"","overlay-gradient":""}},"footnotes":""},"class_list":["post-3040","page","type-page","status-publish","hentry"],"yoast_head":"<!-- This site is optimized with the Yoast SEO plugin v27.4 - https:\/\/yoast.com\/product\/yoast-seo-wordpress\/ -->\n<title>Du bist nicht allein &#8211; Monnem Pride<\/title>\n<meta name=\"robots\" content=\"index, follow, max-snippet:-1, max-image-preview:large, max-video-preview:-1\" \/>\n<link rel=\"canonical\" href=\"https:\/\/monnempride.de\/en\/zeigt-sie-an\/du-bist-nicht-allein\/\" \/>\n<meta property=\"og:locale\" content=\"en_US\" \/>\n<meta property=\"og:type\" content=\"article\" \/>\n<meta property=\"og:title\" content=\"Du bist nicht allein &#8211; Monnem Pride\" \/>\n<meta property=\"og:description\" content=\"Auch wenn wir alles daf\u00fcr tun, dass sich alle auf dem Monnem Pride sicher und willkommen f\u00fchlen, kann es leider zu diskriminierenden oder grenz\u00fcberschreitenden Erlebnissen kommen. Diese Seite soll dir [&hellip;]\" \/>\n<meta property=\"og:url\" content=\"https:\/\/monnempride.de\/en\/zeigt-sie-an\/du-bist-nicht-allein\/\" \/>\n<meta property=\"og:site_name\" content=\"Monnem Pride\" \/>\n<meta property=\"article:modified_time\" content=\"2025-07-02T18:09:54+00:00\" \/>\n<meta property=\"og:image\" content=\"https:\/\/monnempride.de\/wp-content\/uploads\/2024\/07\/Monnem-Pride-2024-Demo-Fotos-Alexander-Kaestel-Mannheim-4070369.jpg\" \/>\n\t<meta property=\"og:image:width\" content=\"1919\" \/>\n\t<meta property=\"og:image:height\" content=\"1280\" \/>\n\t<meta property=\"og:image:type\" content=\"image\/jpeg\" \/>\n<meta name=\"twitter:card\" content=\"summary_large_image\" \/>\n<meta name=\"twitter:label1\" content=\"Est. reading time\" \/>\n\t<meta name=\"twitter:data1\" content=\"2 minutes\" \/>\n<script type=\"application\/ld+json\" class=\"yoast-schema-graph\">{\"@context\":\"https:\\\/\\\/schema.org\",\"@graph\":[{\"@type\":\"WebPage\",\"@id\":\"https:\\\/\\\/monnempride.de\\\/zeigt-sie-an\\\/du-bist-nicht-allein\\\/\",\"url\":\"https:\\\/\\\/monnempride.de\\\/zeigt-sie-an\\\/du-bist-nicht-allein\\\/\",\"name\":\"Du bist nicht allein &#8211; Monnem Pride\",\"isPartOf\":{\"@id\":\"https:\\\/\\\/monnempride.de\\\/#website\"},\"primaryImageOfPage\":{\"@id\":\"https:\\\/\\\/monnempride.de\\\/zeigt-sie-an\\\/du-bist-nicht-allein\\\/#primaryimage\"},\"image\":{\"@id\":\"https:\\\/\\\/monnempride.de\\\/zeigt-sie-an\\\/du-bist-nicht-allein\\\/#primaryimage\"},\"thumbnailUrl\":\"https:\\\/\\\/monnempride.de\\\/wp-content\\\/uploads\\\/2024\\\/07\\\/Monnem-Pride-2024-Demo-Fotos-Alexander-Kaestel-Mannheim-4070369.jpg\",\"datePublished\":\"2025-06-04T12:44:41+00:00\",\"dateModified\":\"2025-07-02T18:09:54+00:00\",\"breadcrumb\":{\"@id\":\"https:\\\/\\\/monnempride.de\\\/zeigt-sie-an\\\/du-bist-nicht-allein\\\/#breadcrumb\"},\"inLanguage\":\"en-US\",\"potentialAction\":[{\"@type\":\"ReadAction\",\"target\":[\"https:\\\/\\\/monnempride.de\\\/zeigt-sie-an\\\/du-bist-nicht-allein\\\/\"]}]},{\"@type\":\"ImageObject\",\"inLanguage\":\"en-US\",\"@id\":\"https:\\\/\\\/monnempride.de\\\/zeigt-sie-an\\\/du-bist-nicht-allein\\\/#primaryimage\",\"url\":\"https:\\\/\\\/monnempride.de\\\/wp-content\\\/uploads\\\/2024\\\/07\\\/Monnem-Pride-2024-Demo-Fotos-Alexander-Kaestel-Mannheim-4070369.jpg\",\"contentUrl\":\"https:\\\/\\\/monnempride.de\\\/wp-content\\\/uploads\\\/2024\\\/07\\\/Monnem-Pride-2024-Demo-Fotos-Alexander-Kaestel-Mannheim-4070369.jpg\"},{\"@type\":\"BreadcrumbList\",\"@id\":\"https:\\\/\\\/monnempride.de\\\/zeigt-sie-an\\\/du-bist-nicht-allein\\\/#breadcrumb\",\"itemListElement\":[{\"@type\":\"ListItem\",\"position\":1,\"name\":\"Startseite\",\"item\":\"https:\\\/\\\/monnempride.de\\\/\"},{\"@type\":\"ListItem\",\"position\":2,\"name\":\"Zeigt sie an!\",\"item\":\"https:\\\/\\\/monnempride.de\\\/zeigt-sie-an\\\/\"},{\"@type\":\"ListItem\",\"position\":3,\"name\":\"Du bist nicht allein\"}]},{\"@type\":\"WebSite\",\"@id\":\"https:\\\/\\\/monnempride.de\\\/#website\",\"url\":\"https:\\\/\\\/monnempride.de\\\/\",\"name\":\"Monnem Pride\",\"description\":\"zusammen eins \u2013 intersektional. antifaschistisch. queer.\",\"publisher\":{\"@id\":\"https:\\\/\\\/monnempride.de\\\/#organization\"},\"potentialAction\":[{\"@type\":\"SearchAction\",\"target\":{\"@type\":\"EntryPoint\",\"urlTemplate\":\"https:\\\/\\\/monnempride.de\\\/?s={search_term_string}\"},\"query-input\":{\"@type\":\"PropertyValueSpecification\",\"valueRequired\":true,\"valueName\":\"search_term_string\"}}],\"inLanguage\":\"en-US\"},{\"@type\":\"Organization\",\"@id\":\"https:\\\/\\\/monnempride.de\\\/#organization\",\"name\":\"Monnem Pride\",\"url\":\"https:\\\/\\\/monnempride.de\\\/\",\"logo\":{\"@type\":\"ImageObject\",\"inLanguage\":\"en-US\",\"@id\":\"https:\\\/\\\/monnempride.de\\\/#\\\/schema\\\/logo\\\/image\\\/\",\"url\":\"http:\\\/\\\/monnempride.de\\\/wp-content\\\/uploads\\\/2024\\\/01\\\/cropped-Element-1Logo-1.png\",\"contentUrl\":\"http:\\\/\\\/monnempride.de\\\/wp-content\\\/uploads\\\/2024\\\/01\\\/cropped-Element-1Logo-1.png\",\"width\":200,\"height\":114,\"caption\":\"Monnem Pride\"},\"image\":{\"@id\":\"https:\\\/\\\/monnempride.de\\\/#\\\/schema\\\/logo\\\/image\\\/\"}}]}<\/script>\n<!-- \/ Yoast SEO plugin. -->","yoast_head_json":{"title":"Du bist nicht allein &#8211; Monnem Pride","robots":{"index":"index","follow":"follow","max-snippet":"max-snippet:-1","max-image-preview":"max-image-preview:large","max-video-preview":"max-video-preview:-1"},"canonical":"https:\/\/monnempride.de\/en\/zeigt-sie-an\/du-bist-nicht-allein\/","og_locale":"en_US","og_type":"article","og_title":"Du bist nicht allein &#8211; Monnem Pride","og_description":"Auch wenn wir alles daf\u00fcr tun, dass sich alle auf dem Monnem Pride sicher und willkommen f\u00fchlen, kann es leider zu diskriminierenden oder grenz\u00fcberschreitenden Erlebnissen kommen. Diese Seite soll dir [&hellip;]","og_url":"https:\/\/monnempride.de\/en\/zeigt-sie-an\/du-bist-nicht-allein\/","og_site_name":"Monnem Pride","article_modified_time":"2025-07-02T18:09:54+00:00","og_image":[{"width":1919,"height":1280,"url":"https:\/\/monnempride.de\/wp-content\/uploads\/2024\/07\/Monnem-Pride-2024-Demo-Fotos-Alexander-Kaestel-Mannheim-4070369.jpg","type":"image\/jpeg"}],"twitter_card":"summary_large_image","twitter_misc":{"Est. reading time":"2 minutes"},"schema":{"@context":"https:\/\/schema.org","@graph":[{"@type":"WebPage","@id":"https:\/\/monnempride.de\/zeigt-sie-an\/du-bist-nicht-allein\/","url":"https:\/\/monnempride.de\/zeigt-sie-an\/du-bist-nicht-allein\/","name":"Du bist nicht allein &#8211; Monnem Pride","isPartOf":{"@id":"https:\/\/monnempride.de\/#website"},"primaryImageOfPage":{"@id":"https:\/\/monnempride.de\/zeigt-sie-an\/du-bist-nicht-allein\/#primaryimage"},"image":{"@id":"https:\/\/monnempride.de\/zeigt-sie-an\/du-bist-nicht-allein\/#primaryimage"},"thumbnailUrl":"https:\/\/monnempride.de\/wp-content\/uploads\/2024\/07\/Monnem-Pride-2024-Demo-Fotos-Alexander-Kaestel-Mannheim-4070369.jpg","datePublished":"2025-06-04T12:44:41+00:00","dateModified":"2025-07-02T18:09:54+00:00","breadcrumb":{"@id":"https:\/\/monnempride.de\/zeigt-sie-an\/du-bist-nicht-allein\/#breadcrumb"},"inLanguage":"en-US","potentialAction":[{"@type":"ReadAction","target":["https:\/\/monnempride.de\/zeigt-sie-an\/du-bist-nicht-allein\/"]}]},{"@type":"ImageObject","inLanguage":"en-US","@id":"https:\/\/monnempride.de\/zeigt-sie-an\/du-bist-nicht-allein\/#primaryimage","url":"https:\/\/monnempride.de\/wp-content\/uploads\/2024\/07\/Monnem-Pride-2024-Demo-Fotos-Alexander-Kaestel-Mannheim-4070369.jpg","contentUrl":"https:\/\/monnempride.de\/wp-content\/uploads\/2024\/07\/Monnem-Pride-2024-Demo-Fotos-Alexander-Kaestel-Mannheim-4070369.jpg"},{"@type":"BreadcrumbList","@id":"https:\/\/monnempride.de\/zeigt-sie-an\/du-bist-nicht-allein\/#breadcrumb","itemListElement":[{"@type":"ListItem","position":1,"name":"Startseite","item":"https:\/\/monnempride.de\/"},{"@type":"ListItem","position":2,"name":"Zeigt sie an!","item":"https:\/\/monnempride.de\/zeigt-sie-an\/"},{"@type":"ListItem","position":3,"name":"Du bist nicht allein"}]},{"@type":"WebSite","@id":"https:\/\/monnempride.de\/#website","url":"https:\/\/monnempride.de\/","name":"Monnem Pride","description":"zusammen eins \u2013 intersektional. antifaschistisch. queer.","publisher":{"@id":"https:\/\/monnempride.de\/#organization"},"potentialAction":[{"@type":"SearchAction","target":{"@type":"EntryPoint","urlTemplate":"https:\/\/monnempride.de\/?s={search_term_string}"},"query-input":{"@type":"PropertyValueSpecification","valueRequired":true,"valueName":"search_term_string"}}],"inLanguage":"en-US"},{"@type":"Organization","@id":"https:\/\/monnempride.de\/#organization","name":"Monnem Pride","url":"https:\/\/monnempride.de\/","logo":{"@type":"ImageObject","inLanguage":"en-US","@id":"https:\/\/monnempride.de\/#\/schema\/logo\/image\/","url":"http:\/\/monnempride.de\/wp-content\/uploads\/2024\/01\/cropped-Element-1Logo-1.png","contentUrl":"http:\/\/monnempride.de\/wp-content\/uploads\/2024\/01\/cropped-Element-1Logo-1.png","width":200,"height":114,"caption":"Monnem Pride"},"image":{"@id":"https:\/\/monnempride.de\/#\/schema\/logo\/image\/"}}]}},"_links":{"self":[{"href":"https:\/\/monnempride.de\/en\/wp-json\/wp\/v2\/pages\/3040","targetHints":{"allow":["GET"]}}],"collection":[{"href":"https:\/\/monnempride.de\/en\/wp-json\/wp\/v2\/pages"}],"about":[{"href":"https:\/\/monnempride.de\/en\/wp-json\/wp\/v2\/types\/page"}],"author":[{"embeddable":true,"href":"https:\/\/monnempride.de\/en\/wp-json\/wp\/v2\/users\/2"}],"replies":[{"embeddable":true,"href":"https:\/\/monnempride.de\/en\/wp-json\/wp\/v2\/comments?post=3040"}],"version-history":[{"count":4,"href":"https:\/\/monnempride.de\/en\/wp-json\/wp\/v2\/pages\/3040\/revisions"}],"predecessor-version":[{"id":3349,"href":"https:\/\/monnempride.de\/en\/wp-json\/wp\/v2\/pages\/3040\/revisions\/3349"}],"up":[{"embeddable":true,"href":"https:\/\/monnempride.de\/en\/wp-json\/wp\/v2\/pages\/2859"}],"wp:attachment":[{"href":"https:\/\/monnempride.de\/en\/wp-json\/wp\/v2\/media?parent=3040"}],"curies":[{"name":"wp","href":"https:\/\/api.w.org\/{rel}","templated":true}]}}